{"id":3977,"date":"2019-06-27T18:10:50","date_gmt":"2019-06-27T16:10:50","guid":{"rendered":"http:\/\/schiessermagazin.test\/lentreprise\/"},"modified":"2026-05-06T15:54:24","modified_gmt":"2026-05-06T13:54:24","slug":"lentreprise","status":"publish","type":"page","link":"https:\/\/www.schiesser.com\/unternehmen\/fr\/","title":{"rendered":"L&rsquo;ENTREPRISE"},"content":{"rendered":"\t\t<div data-elementor-type=\"wp-post\" data-elementor-id=\"3977\" class=\"elementor elementor-3977 elementor-3474\" data-elementor-post-type=\"page\">\n\t\t\t\t\t\t<section class=\"elementor-section elementor-top-section elementor-element elementor-element-3f6e3d3 elementor-section-boxed elementor-section-height-default elementor-section-height-default\" data-id=\"3f6e3d3\" data-element_type=\"section\" data-e-type=\"section\">\n\t\t\t\t\t\t<div class=\"elementor-container elementor-column-gap-no\">\n\t\t\t\t\t<div class=\"elementor-column elementor-col-100 elementor-top-column elementor-element elementor-element-d571aa2\" data-id=\"d571aa2\" data-element_type=\"column\" data-e-type=\"column\">\n\t\t\t<div class=\"elementor-widget-wrap elementor-element-populated\">\n\t\t\t\t\t\t<div class=\"elementor-element elementor-element-01936d0 elementor-widget elementor-widget-image\" data-id=\"01936d0\" data-element_type=\"widget\" data-e-type=\"widget\" data-widget_type=\"image.default\">\n\t\t\t\t<div class=\"elementor-widget-container\">\n\t\t\t\t\t\t\t\t\t\t\t\t\t\t\t<img fetchpriority=\"high\" decoding=\"async\" width=\"1440\" height=\"790\" src=\"https:\/\/www.schiesser.com\/unternehmen\/wp-content\/uploads\/Header-Landingpage-Unternehmen_1440x790px.jpg\" class=\"attachment-full size-full wp-image-9338\" alt=\"SCHIESSER Headqu\" srcset=\"https:\/\/www.schiesser.com\/unternehmen\/wp-content\/uploads\/Header-Landingpage-Unternehmen_1440x790px.jpg 1440w, https:\/\/www.schiesser.com\/unternehmen\/wp-content\/uploads\/Header-Landingpage-Unternehmen_1440x790px-300x165.jpg 300w, https:\/\/www.schiesser.com\/unternehmen\/wp-content\/uploads\/Header-Landingpage-Unternehmen_1440x790px-1024x562.jpg 1024w, https:\/\/www.schiesser.com\/unternehmen\/wp-content\/uploads\/Header-Landingpage-Unternehmen_1440x790px-768x421.jpg 768w\" sizes=\"(max-width: 1440px) 100vw, 1440px\" \/>\t\t\t\t\t\t\t\t\t\t\t\t\t\t\t<\/div>\n\t\t\t\t<\/div>\n\t\t\t\t\t<\/div>\n\t\t<\/div>\n\t\t\t\t\t<\/div>\n\t\t<\/section>\n\t\t\t\t<section class=\"elementor-section elementor-top-section elementor-element elementor-element-49b60c9 elementor-section-boxed elementor-section-height-default elementor-section-height-default\" data-id=\"49b60c9\" data-element_type=\"section\" data-e-type=\"section\">\n\t\t\t\t\t\t<div class=\"elementor-container elementor-column-gap-default\">\n\t\t\t\t\t<div class=\"elementor-column elementor-col-100 elementor-top-column elementor-element elementor-element-16fba30\" data-id=\"16fba30\" data-element_type=\"column\" data-e-type=\"column\">\n\t\t\t<div class=\"elementor-widget-wrap elementor-element-populated\">\n\t\t\t\t\t\t<div class=\"elementor-element elementor-element-359199f elementor-widget elementor-widget-spacer\" data-id=\"359199f\" data-element_type=\"widget\" data-e-type=\"widget\" data-widget_type=\"spacer.default\">\n\t\t\t\t<div class=\"elementor-widget-container\">\n\t\t\t\t\t\t\t<div class=\"elementor-spacer\">\n\t\t\t<div class=\"elementor-spacer-inner\"><\/div>\n\t\t<\/div>\n\t\t\t\t\t\t<\/div>\n\t\t\t\t<\/div>\n\t\t\t\t<div class=\"elementor-element elementor-element-b85a31c elementor-widget elementor-widget-heading\" data-id=\"b85a31c\" data-element_type=\"widget\" data-e-type=\"widget\" data-widget_type=\"heading.default\">\n\t\t\t\t<div class=\"elementor-widget-container\">\n\t\t\t\t\t<h1 class=\"elementor-heading-title elementor-size-default\">ORIGINALS FOR ORIGINALS. <\/h1>\t\t\t\t<\/div>\n\t\t\t\t<\/div>\n\t\t\t\t<div class=\"elementor-element elementor-element-9652f65 elementor-widget elementor-widget-spacer\" data-id=\"9652f65\" data-element_type=\"widget\" data-e-type=\"widget\" data-widget_type=\"spacer.default\">\n\t\t\t\t<div class=\"elementor-widget-container\">\n\t\t\t\t\t\t\t<div class=\"elementor-spacer\">\n\t\t\t<div class=\"elementor-spacer-inner\"><\/div>\n\t\t<\/div>\n\t\t\t\t\t\t<\/div>\n\t\t\t\t<\/div>\n\t\t\t\t<div class=\"elementor-element elementor-element-091be77 elementor-widget elementor-widget-spacer\" data-id=\"091be77\" data-element_type=\"widget\" data-e-type=\"widget\" data-widget_type=\"spacer.default\">\n\t\t\t\t<div class=\"elementor-widget-container\">\n\t\t\t\t\t\t\t<div class=\"elementor-spacer\">\n\t\t\t<div class=\"elementor-spacer-inner\"><\/div>\n\t\t<\/div>\n\t\t\t\t\t\t<\/div>\n\t\t\t\t<\/div>\n\t\t\t\t<div class=\"elementor-element elementor-element-1bcf594 elementor-widget elementor-widget-text-editor\" data-id=\"1bcf594\" data-element_type=\"widget\" data-e-type=\"widget\" data-widget_type=\"text-editor.default\">\n\t\t\t\t<div class=\"elementor-widget-container\">\n\t\t\t\t\t\t\t\t\t<p>SCHIESSER est une marque allemande originale qui fa\u00e7onne l&rsquo;univers de la lingerie depuis 1875 et qui s&rsquo;est impos\u00e9e \u00e0 l&rsquo;\u00e9chelle mondiale. Depuis plus de 150 ans, nous incarnons l&rsquo;expertise en mati\u00e8re de lingerie, la qualit\u00e9 et l&rsquo;esprit pionnier. C&rsquo;est ce que nous exprimons \u00e0 travers notre slogan d&rsquo;entreprise <b>ORIGINALS FOR ORIGINALS<\/b>. Notre slogan est notre engagement : nous fabriquons des produits authentiques \u2013 des sous-v\u00eatements, des classiques cultes en maille fine et double c\u00f4tes, des v\u00eatements de nuit et de jour, ainsi que des mod\u00e8les hybrides pouvant \u00eatre port\u00e9s toute la journ\u00e9e. Pour des personnes qui sont elles-m\u00eames des originaux : ind\u00e9pendantes, pleines de caract\u00e8re, authentiques.<br \/><br \/>Nous sommes fiers de nos racines \u00e0 Radolfzell, au bord du lac de Constance, et nous envisageons l\u2019avenir avec une grande force d\u2019innovation afin d\u2019accompagner les personnes du monde entier dans leur quotidien avec des produits de lingerie modernes.<\/p>\t\t\t\t\t\t\t\t<\/div>\n\t\t\t\t<\/div>\n\t\t\t\t<div class=\"elementor-element elementor-element-c711bbd elementor-widget elementor-widget-spacer\" data-id=\"c711bbd\" data-element_type=\"widget\" data-e-type=\"widget\" data-widget_type=\"spacer.default\">\n\t\t\t\t<div class=\"elementor-widget-container\">\n\t\t\t\t\t\t\t<div class=\"elementor-spacer\">\n\t\t\t<div class=\"elementor-spacer-inner\"><\/div>\n\t\t<\/div>\n\t\t\t\t\t\t<\/div>\n\t\t\t\t<\/div>\n\t\t\t\t\t<\/div>\n\t\t<\/div>\n\t\t\t\t\t<\/div>\n\t\t<\/section>\n\t\t\t\t<section class=\"elementor-section elementor-top-section elementor-element elementor-element-8dff663 elementor-section-boxed elementor-section-height-default elementor-section-height-default\" data-id=\"8dff663\" data-element_type=\"section\" data-e-type=\"section\">\n\t\t\t\t\t\t<div class=\"elementor-container elementor-column-gap-default\">\n\t\t\t\t\t<div class=\"elementor-column elementor-col-50 elementor-top-column elementor-element elementor-element-d5d043a\" data-id=\"d5d043a\" data-element_type=\"column\" data-e-type=\"column\">\n\t\t\t<div class=\"elementor-widget-wrap elementor-element-populated\">\n\t\t\t\t\t\t<div class=\"elementor-element elementor-element-f137a74 elementor-cta--skin-cover elementor-cta--valign-middle elementor-bg-transform elementor-bg-transform-zoom-in elementor-widget elementor-widget-call-to-action\" data-id=\"f137a74\" data-element_type=\"widget\" data-e-type=\"widget\" data-widget_type=\"call-to-action.default\">\n\t\t\t\t<div class=\"elementor-widget-container\">\n\t\t\t\t\t\t\t<a class=\"elementor-cta\" href=\"\/fr\/entreprise\/histoire-de-lentreprise\/\">\n\t\t\t\t\t<div class=\"elementor-cta__bg-wrapper\">\n\t\t\t\t<div class=\"elementor-cta__bg elementor-bg\" style=\"background-image: url(https:\/\/www.schiesser.com\/unternehmen\/wp-content\/uploads\/SS26_Kachel_Unternehmen_Seit-1875_566x566px.jpg);\" role=\"img\" aria-label=\"historische Aufnahme von Schiesser Fabriksgel\u00e4nde mit Bodenseepanorama\"><\/div>\n\t\t\t\t<div class=\"elementor-cta__bg-overlay\"><\/div>\n\t\t\t<\/div>\n\t\t\t\t\t\t\t<div class=\"elementor-cta__content\">\n\t\t\t\t\n\t\t\t\t\t\t\t\t\t<h2 class=\"elementor-cta__title elementor-cta__content-item elementor-content-item\">\n\t\t\t\t\t\tDepuis 1875\t\t\t\t\t<\/h2>\n\t\t\t\t\n\t\t\t\t\n\t\t\t\t\t\t\t<\/div>\n\t\t\t\t\t\t<\/a>\n\t\t\t\t\t\t<\/div>\n\t\t\t\t<\/div>\n\t\t\t\t<div class=\"elementor-element elementor-element-d124595 elementor-cta--skin-cover elementor-cta--valign-middle elementor-bg-transform elementor-bg-transform-zoom-in elementor-widget elementor-widget-call-to-action\" data-id=\"d124595\" data-element_type=\"widget\" data-e-type=\"widget\" data-widget_type=\"call-to-action.default\">\n\t\t\t\t<div class=\"elementor-widget-container\">\n\t\t\t\t\t\t\t<a class=\"elementor-cta\" href=\"\/fr\/entreprise\/presse\/\">\n\t\t\t\t\t<div class=\"elementor-cta__bg-wrapper\">\n\t\t\t\t<div class=\"elementor-cta__bg elementor-bg\" style=\"background-image: url(https:\/\/www.schiesser.com\/unternehmen\/wp-content\/uploads\/SS26_Kachel_Unternehmen_Presse_566x566px.jpg);\" role=\"img\" aria-label=\"Frau vor blauem Himmel und Schiesser Unterw\u00e4sche.\"><\/div>\n\t\t\t\t<div class=\"elementor-cta__bg-overlay\"><\/div>\n\t\t\t<\/div>\n\t\t\t\t\t\t\t<div class=\"elementor-cta__content\">\n\t\t\t\t\n\t\t\t\t\t\t\t\t\t<h2 class=\"elementor-cta__title elementor-cta__content-item elementor-content-item\">\n\t\t\t\t\t\tPresse\t\t\t\t\t<\/h2>\n\t\t\t\t\n\t\t\t\t\n\t\t\t\t\t\t\t<\/div>\n\t\t\t\t\t\t<\/a>\n\t\t\t\t\t\t<\/div>\n\t\t\t\t<\/div>\n\t\t\t\t\t<\/div>\n\t\t<\/div>\n\t\t\t\t<div class=\"elementor-column elementor-col-50 elementor-top-column elementor-element elementor-element-01764a7\" data-id=\"01764a7\" data-element_type=\"column\" data-e-type=\"column\">\n\t\t\t<div class=\"elementor-widget-wrap elementor-element-populated\">\n\t\t\t\t\t\t<div class=\"elementor-element elementor-element-1da790d elementor-cta--skin-cover elementor-cta--valign-middle elementor-bg-transform elementor-bg-transform-zoom-in elementor-widget elementor-widget-call-to-action\" data-id=\"1da790d\" data-element_type=\"widget\" data-e-type=\"widget\" data-widget_type=\"call-to-action.default\">\n\t\t\t\t<div class=\"elementor-widget-container\">\n\t\t\t\t\t\t\t<a class=\"elementor-cta\" href=\"\/fr\/entreprise\/univers-de-produits\/\">\n\t\t\t\t\t<div class=\"elementor-cta__bg-wrapper\">\n\t\t\t\t<div class=\"elementor-cta__bg elementor-bg\" style=\"background-image: url(https:\/\/www.schiesser.com\/unternehmen\/wp-content\/uploads\/SS26_Kachel_Unternehmen_Unsere-Produktwelt_566x566px.jpg);\" role=\"img\" aria-label=\"Frau vor blauem Himmel und Schiesser Unterw\u00e4sche.\"><\/div>\n\t\t\t\t<div class=\"elementor-cta__bg-overlay\"><\/div>\n\t\t\t<\/div>\n\t\t\t\t\t\t\t<div class=\"elementor-cta__content\">\n\t\t\t\t\n\t\t\t\t\t\t\t\t\t<h2 class=\"elementor-cta__title elementor-cta__content-item elementor-content-item\">\n\t\t\t\t\t\tNotre univers de Produits\t\t\t\t\t<\/h2>\n\t\t\t\t\n\t\t\t\t\n\t\t\t\t\t\t\t<\/div>\n\t\t\t\t\t\t<\/a>\n\t\t\t\t\t\t<\/div>\n\t\t\t\t<\/div>\n\t\t\t\t<div class=\"elementor-element elementor-element-a845f21 elementor-cta--skin-cover elementor-cta--valign-middle elementor-bg-transform elementor-bg-transform-zoom-in elementor-widget elementor-widget-call-to-action\" data-id=\"a845f21\" data-element_type=\"widget\" data-e-type=\"widget\" data-widget_type=\"call-to-action.default\">\n\t\t\t\t<div class=\"elementor-widget-container\">\n\t\t\t\t\t\t\t<a class=\"elementor-cta\" href=\"\/fr\/entreprise\/a-travers-le-monde\/\">\n\t\t\t\t\t<div class=\"elementor-cta__bg-wrapper\">\n\t\t\t\t<div class=\"elementor-cta__bg elementor-bg\" style=\"background-image: url(https:\/\/www.schiesser.com\/unternehmen\/wp-content\/uploads\/SS26_Kachel_Unternehmen_Weltweit_566x566px6.jpg);\" role=\"img\" aria-label=\"Zwei Personen in Schiesser Kleidung\"><\/div>\n\t\t\t\t<div class=\"elementor-cta__bg-overlay\"><\/div>\n\t\t\t<\/div>\n\t\t\t\t\t\t\t<div class=\"elementor-cta__content\">\n\t\t\t\t\n\t\t\t\t\t\t\t\t\t<h2 class=\"elementor-cta__title elementor-cta__content-item elementor-content-item\">\n\t\t\t\t\t\t\u00c0 Travers le monde\t\t\t\t\t<\/h2>\n\t\t\t\t\n\t\t\t\t\n\t\t\t\t\t\t\t<\/div>\n\t\t\t\t\t\t<\/a>\n\t\t\t\t\t\t<\/div>\n\t\t\t\t<\/div>\n\t\t\t\t\t<\/div>\n\t\t<\/div>\n\t\t\t\t\t<\/div>\n\t\t<\/section>\n\t\t\t\t<section class=\"elementor-section elementor-top-section elementor-element elementor-element-75c8ca8 elementor-section-boxed elementor-section-height-default elementor-section-height-default\" data-id=\"75c8ca8\" data-element_type=\"section\" data-e-type=\"section\">\n\t\t\t\t\t\t<div class=\"elementor-container elementor-column-gap-default\">\n\t\t\t\t\t<div class=\"elementor-column elementor-col-100 elementor-top-column elementor-element elementor-element-326e249\" data-id=\"326e249\" data-element_type=\"column\" data-e-type=\"column\">\n\t\t\t<div class=\"elementor-widget-wrap elementor-element-populated\">\n\t\t\t\t\t\t<div class=\"elementor-element elementor-element-e7bf6a5 elementor-widget elementor-widget-spacer\" data-id=\"e7bf6a5\" data-element_type=\"widget\" data-e-type=\"widget\" data-widget_type=\"spacer.default\">\n\t\t\t\t<div class=\"elementor-widget-container\">\n\t\t\t\t\t\t\t<div class=\"elementor-spacer\">\n\t\t\t<div class=\"elementor-spacer-inner\"><\/div>\n\t\t<\/div>\n\t\t\t\t\t\t<\/div>\n\t\t\t\t<\/div>\n\t\t\t\t\t<\/div>\n\t\t<\/div>\n\t\t\t\t\t<\/div>\n\t\t<\/section>\n\t\t\t\t<\/div>\n\t\t","protected":false},"excerpt":{"rendered":"<p>ORIGINALS FOR ORIGINALS. SCHIESSER est une marque allemande originale qui fa\u00e7onne l&rsquo;univers de la lingerie depuis 1875 et qui s&rsquo;est impos\u00e9e \u00e0 l&rsquo;\u00e9chelle mondiale. Depuis plus de 150 ans, nous incarnons l&rsquo;expertise en mati\u00e8re de lingerie, la qualit\u00e9 et l&rsquo;esprit pionnier. C&rsquo;est ce que nous exprimons \u00e0 travers notre slogan d&rsquo;entreprise ORIGINALS FOR ORIGINALS. Notre [&hellip;]<\/p>\n","protected":false},"author":42,"featured_media":0,"parent":0,"menu_order":0,"comment_status":"closed","ping_status":"closed","template":"elementor_header_footer","meta":{"_acf_changed":false,"footnotes":""},"class_list":["post-3977","page","type-page","status-publish","hentry"],"acf":[],"yoast_head":"<!-- This site is optimized with the Yoast SEO plugin v27.5 - https:\/\/yoast.com\/product\/yoast-seo-wordpress\/ -->\n<title>L&#039;ENTREPRISE | Schiesser<\/title>\n<meta name=\"robots\" content=\"index, follow, max-snippet:-1, max-image-preview:large, max-video-preview:-1\" \/>\n<link rel=\"canonical\" href=\"https:\/\/www.schiesser.com\/unternehmen\/fr\/\" \/>\n<meta property=\"og:locale\" content=\"fr_FR\" \/>\n<meta property=\"og:type\" content=\"article\" \/>\n<meta property=\"og:title\" content=\"L&#039;ENTREPRISE | Schiesser\" \/>\n<meta property=\"og:description\" content=\"ORIGINALS FOR ORIGINALS. SCHIESSER est une marque allemande originale qui fa\u00e7onne l&rsquo;univers de la lingerie depuis 1875 et qui s&rsquo;est impos\u00e9e \u00e0 l&rsquo;\u00e9chelle mondiale. Depuis plus de 150 ans, nous incarnons l&rsquo;expertise en mati\u00e8re de lingerie, la qualit\u00e9 et l&rsquo;esprit pionnier. C&rsquo;est ce que nous exprimons \u00e0 travers notre slogan d&rsquo;entreprise ORIGINALS FOR ORIGINALS. Notre [&hellip;]\" \/>\n<meta property=\"og:url\" content=\"https:\/\/www.schiesser.com\/unternehmen\/fr\/\" \/>\n<meta property=\"og:site_name\" content=\"Schiesser\" \/>\n<meta property=\"article:publisher\" content=\"https:\/\/de-de.facebook.com\/Schiesser.AG\" \/>\n<meta property=\"article:modified_time\" content=\"2026-05-06T13:54:24+00:00\" \/>\n<meta property=\"og:image\" content=\"https:\/\/www.schiesser.com\/unternehmen\/wp-content\/uploads\/Header-Landingpage-Unternehmen_1440x790px.jpg\" \/>\n\t<meta property=\"og:image:width\" content=\"1440\" \/>\n\t<meta property=\"og:image:height\" content=\"790\" \/>\n\t<meta property=\"og:image:type\" content=\"image\/jpeg\" \/>\n<meta name=\"twitter:card\" content=\"summary_large_image\" \/>\n<meta name=\"twitter:site\" content=\"@schiesserag\" \/>\n<meta name=\"twitter:label1\" content=\"Dur\u00e9e de lecture estim\u00e9e\" \/>\n\t<meta name=\"twitter:data1\" content=\"1 minute\" \/>\n<script type=\"application\/ld+json\" class=\"yoast-schema-graph\">{\"@context\":\"https:\\\/\\\/schema.org\",\"@graph\":[{\"@type\":\"WebPage\",\"@id\":\"https:\\\/\\\/www.schiesser.com\\\/unternehmen\\\/fr\\\/\",\"url\":\"https:\\\/\\\/www.schiesser.com\\\/unternehmen\\\/fr\\\/\",\"name\":\"L'ENTREPRISE | Schiesser\",\"isPartOf\":{\"@id\":\"https:\\\/\\\/www.schiesser.com\\\/unternehmen\\\/fr\\\/#website\"},\"primaryImageOfPage\":{\"@id\":\"https:\\\/\\\/www.schiesser.com\\\/unternehmen\\\/fr\\\/#primaryimage\"},\"image\":{\"@id\":\"https:\\\/\\\/www.schiesser.com\\\/unternehmen\\\/fr\\\/#primaryimage\"},\"thumbnailUrl\":\"https:\\\/\\\/www.schiesser.com\\\/unternehmen\\\/wp-content\\\/uploads\\\/Header-Landingpage-Unternehmen_1440x790px.jpg\",\"datePublished\":\"2019-06-27T16:10:50+00:00\",\"dateModified\":\"2026-05-06T13:54:24+00:00\",\"breadcrumb\":{\"@id\":\"https:\\\/\\\/www.schiesser.com\\\/unternehmen\\\/fr\\\/#breadcrumb\"},\"inLanguage\":\"fr-FR\",\"potentialAction\":[{\"@type\":\"ReadAction\",\"target\":[\"https:\\\/\\\/www.schiesser.com\\\/unternehmen\\\/fr\\\/\"]}]},{\"@type\":\"ImageObject\",\"inLanguage\":\"fr-FR\",\"@id\":\"https:\\\/\\\/www.schiesser.com\\\/unternehmen\\\/fr\\\/#primaryimage\",\"url\":\"https:\\\/\\\/www.schiesser.com\\\/unternehmen\\\/wp-content\\\/uploads\\\/Header-Landingpage-Unternehmen_1440x790px.jpg\",\"contentUrl\":\"https:\\\/\\\/www.schiesser.com\\\/unternehmen\\\/wp-content\\\/uploads\\\/Header-Landingpage-Unternehmen_1440x790px.jpg\"},{\"@type\":\"BreadcrumbList\",\"@id\":\"https:\\\/\\\/www.schiesser.com\\\/unternehmen\\\/fr\\\/#breadcrumb\",\"itemListElement\":[{\"@type\":\"ListItem\",\"position\":1,\"name\":\"Home\",\"item\":\"https:\\\/\\\/www.schiesser.com\\\/unternehmen\\\/fr\\\/\"},{\"@type\":\"ListItem\",\"position\":2,\"name\":\"L&#8217;ENTREPRISE\"}]},{\"@type\":\"WebSite\",\"@id\":\"https:\\\/\\\/www.schiesser.com\\\/unternehmen\\\/fr\\\/#website\",\"url\":\"https:\\\/\\\/www.schiesser.com\\\/unternehmen\\\/fr\\\/\",\"name\":\"Schiesser\",\"description\":\"Nat\u00fcrlich. Zeitgeist. Seit 1875\",\"publisher\":{\"@id\":\"https:\\\/\\\/www.schiesser.com\\\/unternehmen\\\/fr\\\/#organization\"},\"potentialAction\":[{\"@type\":\"SearchAction\",\"target\":{\"@type\":\"EntryPoint\",\"urlTemplate\":\"https:\\\/\\\/www.schiesser.com\\\/unternehmen\\\/fr\\\/?s={search_term_string}\"},\"query-input\":{\"@type\":\"PropertyValueSpecification\",\"valueRequired\":true,\"valueName\":\"search_term_string\"}}],\"inLanguage\":\"fr-FR\"},{\"@type\":\"Organization\",\"@id\":\"https:\\\/\\\/www.schiesser.com\\\/unternehmen\\\/fr\\\/#organization\",\"name\":\"Schiesser AG\",\"url\":\"https:\\\/\\\/www.schiesser.com\\\/unternehmen\\\/fr\\\/\",\"logo\":{\"@type\":\"ImageObject\",\"inLanguage\":\"fr-FR\",\"@id\":\"https:\\\/\\\/www.schiesser.com\\\/unternehmen\\\/fr\\\/#\\\/schema\\\/logo\\\/image\\\/\",\"url\":\"https:\\\/\\\/www.schiesser.com\\\/unternehmen\\\/wp-content\\\/uploads\\\/schiesser_logo.svg\",\"contentUrl\":\"https:\\\/\\\/www.schiesser.com\\\/unternehmen\\\/wp-content\\\/uploads\\\/schiesser_logo.svg\",\"caption\":\"Schiesser AG\"},\"image\":{\"@id\":\"https:\\\/\\\/www.schiesser.com\\\/unternehmen\\\/fr\\\/#\\\/schema\\\/logo\\\/image\\\/\"},\"sameAs\":[\"https:\\\/\\\/de-de.facebook.com\\\/Schiesser.AG\",\"https:\\\/\\\/x.com\\\/schiesserag\",\"https:\\\/\\\/www.instagram.com\\\/schiesser\\\/\",\"https:\\\/\\\/de.pinterest.com\\\/SchiesserAG\\\/\"]}]}<\/script>\n<!-- \/ Yoast SEO plugin. -->","yoast_head_json":{"title":"L'ENTREPRISE | Schiesser","robots":{"index":"index","follow":"follow","max-snippet":"max-snippet:-1","max-image-preview":"max-image-preview:large","max-video-preview":"max-video-preview:-1"},"canonical":"https:\/\/www.schiesser.com\/unternehmen\/fr\/","og_locale":"fr_FR","og_type":"article","og_title":"L'ENTREPRISE | Schiesser","og_description":"ORIGINALS FOR ORIGINALS. SCHIESSER est une marque allemande originale qui fa\u00e7onne l&rsquo;univers de la lingerie depuis 1875 et qui s&rsquo;est impos\u00e9e \u00e0 l&rsquo;\u00e9chelle mondiale. Depuis plus de 150 ans, nous incarnons l&rsquo;expertise en mati\u00e8re de lingerie, la qualit\u00e9 et l&rsquo;esprit pionnier. C&rsquo;est ce que nous exprimons \u00e0 travers notre slogan d&rsquo;entreprise ORIGINALS FOR ORIGINALS. Notre [&hellip;]","og_url":"https:\/\/www.schiesser.com\/unternehmen\/fr\/","og_site_name":"Schiesser","article_publisher":"https:\/\/de-de.facebook.com\/Schiesser.AG","article_modified_time":"2026-05-06T13:54:24+00:00","og_image":[{"width":1440,"height":790,"url":"https:\/\/www.schiesser.com\/unternehmen\/wp-content\/uploads\/Header-Landingpage-Unternehmen_1440x790px.jpg","type":"image\/jpeg"}],"twitter_card":"summary_large_image","twitter_site":"@schiesserag","twitter_misc":{"Dur\u00e9e de lecture estim\u00e9e":"1 minute"},"schema":{"@context":"https:\/\/schema.org","@graph":[{"@type":"WebPage","@id":"https:\/\/www.schiesser.com\/unternehmen\/fr\/","url":"https:\/\/www.schiesser.com\/unternehmen\/fr\/","name":"L'ENTREPRISE | Schiesser","isPartOf":{"@id":"https:\/\/www.schiesser.com\/unternehmen\/fr\/#website"},"primaryImageOfPage":{"@id":"https:\/\/www.schiesser.com\/unternehmen\/fr\/#primaryimage"},"image":{"@id":"https:\/\/www.schiesser.com\/unternehmen\/fr\/#primaryimage"},"thumbnailUrl":"https:\/\/www.schiesser.com\/unternehmen\/wp-content\/uploads\/Header-Landingpage-Unternehmen_1440x790px.jpg","datePublished":"2019-06-27T16:10:50+00:00","dateModified":"2026-05-06T13:54:24+00:00","breadcrumb":{"@id":"https:\/\/www.schiesser.com\/unternehmen\/fr\/#breadcrumb"},"inLanguage":"fr-FR","potentialAction":[{"@type":"ReadAction","target":["https:\/\/www.schiesser.com\/unternehmen\/fr\/"]}]},{"@type":"ImageObject","inLanguage":"fr-FR","@id":"https:\/\/www.schiesser.com\/unternehmen\/fr\/#primaryimage","url":"https:\/\/www.schiesser.com\/unternehmen\/wp-content\/uploads\/Header-Landingpage-Unternehmen_1440x790px.jpg","contentUrl":"https:\/\/www.schiesser.com\/unternehmen\/wp-content\/uploads\/Header-Landingpage-Unternehmen_1440x790px.jpg"},{"@type":"BreadcrumbList","@id":"https:\/\/www.schiesser.com\/unternehmen\/fr\/#breadcrumb","itemListElement":[{"@type":"ListItem","position":1,"name":"Home","item":"https:\/\/www.schiesser.com\/unternehmen\/fr\/"},{"@type":"ListItem","position":2,"name":"L&#8217;ENTREPRISE"}]},{"@type":"WebSite","@id":"https:\/\/www.schiesser.com\/unternehmen\/fr\/#website","url":"https:\/\/www.schiesser.com\/unternehmen\/fr\/","name":"Schiesser","description":"Nat\u00fcrlich. Zeitgeist. Seit 1875","publisher":{"@id":"https:\/\/www.schiesser.com\/unternehmen\/fr\/#organization"},"potentialAction":[{"@type":"SearchAction","target":{"@type":"EntryPoint","urlTemplate":"https:\/\/www.schiesser.com\/unternehmen\/fr\/?s={search_term_string}"},"query-input":{"@type":"PropertyValueSpecification","valueRequired":true,"valueName":"search_term_string"}}],"inLanguage":"fr-FR"},{"@type":"Organization","@id":"https:\/\/www.schiesser.com\/unternehmen\/fr\/#organization","name":"Schiesser AG","url":"https:\/\/www.schiesser.com\/unternehmen\/fr\/","logo":{"@type":"ImageObject","inLanguage":"fr-FR","@id":"https:\/\/www.schiesser.com\/unternehmen\/fr\/#\/schema\/logo\/image\/","url":"https:\/\/www.schiesser.com\/unternehmen\/wp-content\/uploads\/schiesser_logo.svg","contentUrl":"https:\/\/www.schiesser.com\/unternehmen\/wp-content\/uploads\/schiesser_logo.svg","caption":"Schiesser AG"},"image":{"@id":"https:\/\/www.schiesser.com\/unternehmen\/fr\/#\/schema\/logo\/image\/"},"sameAs":["https:\/\/de-de.facebook.com\/Schiesser.AG","https:\/\/x.com\/schiesserag","https:\/\/www.instagram.com\/schiesser\/","https:\/\/de.pinterest.com\/SchiesserAG\/"]}]}},"_links":{"self":[{"href":"https:\/\/www.schiesser.com\/unternehmen\/fr\/wp-json\/wp\/v2\/pages\/3977","targetHints":{"allow":["GET"]}}],"collection":[{"href":"https:\/\/www.schiesser.com\/unternehmen\/fr\/wp-json\/wp\/v2\/pages"}],"about":[{"href":"https:\/\/www.schiesser.com\/unternehmen\/fr\/wp-json\/wp\/v2\/types\/page"}],"author":[{"embeddable":true,"href":"https:\/\/www.schiesser.com\/unternehmen\/fr\/wp-json\/wp\/v2\/users\/42"}],"replies":[{"embeddable":true,"href":"https:\/\/www.schiesser.com\/unternehmen\/fr\/wp-json\/wp\/v2\/comments?post=3977"}],"version-history":[{"count":23,"href":"https:\/\/www.schiesser.com\/unternehmen\/fr\/wp-json\/wp\/v2\/pages\/3977\/revisions"}],"predecessor-version":[{"id":13148,"href":"https:\/\/www.schiesser.com\/unternehmen\/fr\/wp-json\/wp\/v2\/pages\/3977\/revisions\/13148"}],"wp:attachment":[{"href":"https:\/\/www.schiesser.com\/unternehmen\/fr\/wp-json\/wp\/v2\/media?parent=3977"}],"curies":[{"name":"wp","href":"https:\/\/api.w.org\/{rel}","templated":true}]}}