{"id":3999,"date":"2019-07-01T14:52:46","date_gmt":"2019-07-01T12:52:46","guid":{"rendered":"http:\/\/schiessermagazin.test\/univers-de-produits\/"},"modified":"2026-01-14T15:38:12","modified_gmt":"2026-01-14T14:38:12","slug":"univers-de-produits","status":"publish","type":"page","link":"https:\/\/www.schiesser.com\/unternehmen\/fr\/univers-de-produits\/","title":{"rendered":"UNIVERS DE PRODUITS"},"content":{"rendered":"\t\t<div data-elementor-type=\"wp-post\" data-elementor-id=\"3999\" class=\"elementor elementor-3999 elementor-3490\">\n\t\t\t\t\t\t<div class=\"elementor-inner\">\n\t\t\t\t<div class=\"elementor-section-wrap\">\n\t\t\t\t\t\t\t\t\t<section class=\"elementor-section elementor-top-section elementor-element elementor-element-24c0219 elementor-section-boxed elementor-section-height-default elementor-section-height-default\" data-id=\"24c0219\" data-element_type=\"section\">\n\t\t\t\t\t\t<div class=\"elementor-container elementor-column-gap-default\">\n\t\t\t\t\t\t\t<div class=\"elementor-row\">\n\t\t\t\t\t<div class=\"elementor-column elementor-col-100 elementor-top-column elementor-element elementor-element-24b0fd19\" data-id=\"24b0fd19\" data-element_type=\"column\">\n\t\t\t<div class=\"elementor-column-wrap elementor-element-populated\">\n\t\t\t\t\t\t\t<div class=\"elementor-widget-wrap\">\n\t\t\t\t\t\t<div class=\"elementor-element elementor-element-6f0b199b elementor-widget elementor-widget-spacer\" data-id=\"6f0b199b\" data-element_type=\"widget\" data-widget_type=\"spacer.default\">\n\t\t\t\t<div class=\"elementor-widget-container\">\n\t\t\t\t\t<div class=\"elementor-spacer\">\n\t\t\t<div class=\"elementor-spacer-inner\"><\/div>\n\t\t<\/div>\n\t\t\t\t<\/div>\n\t\t\t\t<\/div>\n\t\t\t\t<div class=\"elementor-element elementor-element-7b317f93 elementor-widget elementor-widget-heading\" data-id=\"7b317f93\" data-element_type=\"widget\" data-widget_type=\"heading.default\">\n\t\t\t\t<div class=\"elementor-widget-container\">\n\t\t\t<h1 class=\"elementor-heading-title elementor-size-default\">Notre univers de Produits<\/h1>\t\t<\/div>\n\t\t\t\t<\/div>\n\t\t\t\t<div class=\"elementor-element elementor-element-6137eeca elementor-widget elementor-widget-spacer\" data-id=\"6137eeca\" data-element_type=\"widget\" data-widget_type=\"spacer.default\">\n\t\t\t\t<div class=\"elementor-widget-container\">\n\t\t\t\t\t<div class=\"elementor-spacer\">\n\t\t\t<div class=\"elementor-spacer-inner\"><\/div>\n\t\t<\/div>\n\t\t\t\t<\/div>\n\t\t\t\t<\/div>\n\t\t\t\t<div class=\"elementor-element elementor-element-1bf1d2cf elementor-widget elementor-widget-text-editor\" data-id=\"1bf1d2cf\" data-element_type=\"widget\" data-widget_type=\"text-editor.default\">\n\t\t\t\t<div class=\"elementor-widget-container\">\n\t\t\t\t\t\t\t\t<div class=\"elementor-text-editor elementor-clearfix\">\n\t\t\t\t<p>Des produits dans l\u2019air du temps d\u2019une incomparable qualit\u00e9 mettant en avant la facilit\u00e9 et le bien-\u00eatre. Le naturel des mat\u00e9riaux et du design d\u00e9finit la ligne directrice de cette prestigieuse collection.<\/p>\n\t\t\t\t\t<\/div>\n\t\t\t\t\t\t<\/div>\n\t\t\t\t<\/div>\n\t\t\t\t<div class=\"elementor-element elementor-element-3379468f elementor-widget elementor-widget-spacer\" data-id=\"3379468f\" data-element_type=\"widget\" data-widget_type=\"spacer.default\">\n\t\t\t\t<div class=\"elementor-widget-container\">\n\t\t\t\t\t<div class=\"elementor-spacer\">\n\t\t\t<div class=\"elementor-spacer-inner\"><\/div>\n\t\t<\/div>\n\t\t\t\t<\/div>\n\t\t\t\t<\/div>\n\t\t\t\t\t\t<\/div>\n\t\t\t\t\t<\/div>\n\t\t<\/div>\n\t\t\t\t\t\t\t\t<\/div>\n\t\t\t\t\t<\/div>\n\t\t<\/section>\n\t\t\t\t<section class=\"elementor-section elementor-top-section elementor-element elementor-element-a30c146 elementor-section-boxed elementor-section-height-default elementor-section-height-default\" data-id=\"a30c146\" data-element_type=\"section\">\n\t\t\t\t\t\t<div class=\"elementor-container elementor-column-gap-default\">\n\t\t\t\t\t\t\t<div class=\"elementor-row\">\n\t\t\t\t\t<div class=\"elementor-column elementor-col-50 elementor-top-column elementor-element elementor-element-1c823ed7\" data-id=\"1c823ed7\" data-element_type=\"column\">\n\t\t\t<div class=\"elementor-column-wrap elementor-element-populated\">\n\t\t\t\t\t\t\t<div class=\"elementor-widget-wrap\">\n\t\t\t\t\t\t<div class=\"elementor-element elementor-element-ba8ad86 elementor-cta--skin-cover elementor-cta--valign-middle elementor-bg-transform elementor-bg-transform-zoom-in elementor-widget elementor-widget-call-to-action\" data-id=\"ba8ad86\" data-element_type=\"widget\" data-widget_type=\"call-to-action.default\">\n\t\t\t\t<div class=\"elementor-widget-container\">\n\t\t\t\t\t<a class=\"elementor-cta\" href=\"\/fr\/revival\/\">\n\t\t\t\t\t<div class=\"elementor-cta__bg-wrapper\">\n\t\t\t\t<div class=\"elementor-cta__bg elementor-bg\" style=\"background-image: url(https:\/\/www.schiesser.com\/unternehmen\/wp-content\/uploads\/SS26_Kachel_Unternehmen-Produktwelt_SR-Revival_566x566px.jpg);\"><\/div>\n\t\t\t\t<div class=\"elementor-cta__bg-overlay\"><\/div>\n\t\t\t<\/div>\n\t\t\t\t\t\t\t<div class=\"elementor-cta__content\">\n\t\t\t\t\n\t\t\t\t<h2 class=\"elementor-cta__title elementor-cta__content-item elementor-content-item\"> <\/h2>\n\t\t\t\t\n\t\t\t\t\t\t\t<\/div>\n\t\t\t\t\t\t<\/a>\n\t\t\t\t<\/div>\n\t\t\t\t<\/div>\n\t\t\t\t\t\t<\/div>\n\t\t\t\t\t<\/div>\n\t\t<\/div>\n\t\t\t\t<div class=\"elementor-column elementor-col-50 elementor-top-column elementor-element elementor-element-400ba3ed\" data-id=\"400ba3ed\" data-element_type=\"column\">\n\t\t\t<div class=\"elementor-column-wrap elementor-element-populated\">\n\t\t\t\t\t\t\t<div class=\"elementor-widget-wrap\">\n\t\t\t\t\t\t<div class=\"elementor-element elementor-element-38fe1ba elementor-cta--skin-cover elementor-cta--valign-middle elementor-bg-transform elementor-bg-transform-zoom-in elementor-widget elementor-widget-call-to-action\" data-id=\"38fe1ba\" data-element_type=\"widget\" data-widget_type=\"call-to-action.default\">\n\t\t\t\t<div class=\"elementor-widget-container\">\n\t\t\t\t\t<a class=\"elementor-cta\" href=\"\/fr\/personal-fit\/\">\n\t\t\t\t\t<div class=\"elementor-cta__bg-wrapper\">\n\t\t\t\t<div class=\"elementor-cta__bg elementor-bg\" style=\"background-image: url(https:\/\/www.schiesser.com\/unternehmen\/wp-content\/uploads\/SS26_Kachel_Unternehmen-Produktwelt_Personal-Fit_566x566px.jpg);\"><\/div>\n\t\t\t\t<div class=\"elementor-cta__bg-overlay\"><\/div>\n\t\t\t<\/div>\n\t\t\t\t\t\t\t<div class=\"elementor-cta__content\">\n\t\t\t\t\n\t\t\t\t<h2 class=\"elementor-cta__title elementor-cta__content-item elementor-content-item\"> <\/h2>\n\t\t\t\t\n\t\t\t\t\t\t\t<\/div>\n\t\t\t\t\t\t<\/a>\n\t\t\t\t<\/div>\n\t\t\t\t<\/div>\n\t\t\t\t\t\t<\/div>\n\t\t\t\t\t<\/div>\n\t\t<\/div>\n\t\t\t\t\t\t\t\t<\/div>\n\t\t\t\t\t<\/div>\n\t\t<\/section>\n\t\t\t\t<section class=\"elementor-section elementor-top-section elementor-element elementor-element-30ffb967 elementor-section-boxed elementor-section-height-default elementor-section-height-default\" data-id=\"30ffb967\" data-element_type=\"section\">\n\t\t\t\t\t\t<div class=\"elementor-container elementor-column-gap-default\">\n\t\t\t\t\t\t\t<div class=\"elementor-row\">\n\t\t\t\t\t<div class=\"elementor-column elementor-col-50 elementor-top-column elementor-element elementor-element-4818b17c\" data-id=\"4818b17c\" data-element_type=\"column\">\n\t\t\t<div class=\"elementor-column-wrap elementor-element-populated\">\n\t\t\t\t\t\t\t<div class=\"elementor-widget-wrap\">\n\t\t\t\t\t\t<div class=\"elementor-element elementor-element-3a5282f5 elementor-cta--skin-cover elementor-cta--valign-middle elementor-bg-transform elementor-bg-transform-zoom-in elementor-widget elementor-widget-call-to-action\" data-id=\"3a5282f5\" data-element_type=\"widget\" data-widget_type=\"call-to-action.default\">\n\t\t\t\t<div class=\"elementor-widget-container\">\n\t\t\t\t\t<a class=\"elementor-cta\" href=\"\/fr\/long-life\/\">\n\t\t\t\t\t<div class=\"elementor-cta__bg-wrapper\">\n\t\t\t\t<div class=\"elementor-cta__bg elementor-bg\" style=\"background-image: url(https:\/\/www.schiesser.com\/unternehmen\/wp-content\/uploads\/SS26_Kachel_Unternehmen-Produktwelt_Long-Life_566x566px.jpg);\"><\/div>\n\t\t\t\t<div class=\"elementor-cta__bg-overlay\"><\/div>\n\t\t\t<\/div>\n\t\t\t\t\t\t\t<div class=\"elementor-cta__content\">\n\t\t\t\t\n\t\t\t\t<h2 class=\"elementor-cta__title elementor-cta__content-item elementor-content-item\"> <\/h2>\n\t\t\t\t\n\t\t\t\t\t\t\t<\/div>\n\t\t\t\t\t\t<\/a>\n\t\t\t\t<\/div>\n\t\t\t\t<\/div>\n\t\t\t\t\t\t<\/div>\n\t\t\t\t\t<\/div>\n\t\t<\/div>\n\t\t\t\t<div class=\"elementor-column elementor-col-50 elementor-top-column elementor-element elementor-element-4180f12c\" data-id=\"4180f12c\" data-element_type=\"column\">\n\t\t\t<div class=\"elementor-column-wrap elementor-element-populated\">\n\t\t\t\t\t\t\t<div class=\"elementor-widget-wrap\">\n\t\t\t\t\t\t<div class=\"elementor-element elementor-element-517da6a2 elementor-cta--skin-cover elementor-cta--valign-middle elementor-bg-transform elementor-bg-transform-zoom-in elementor-widget elementor-widget-call-to-action\" data-id=\"517da6a2\" data-element_type=\"widget\" data-widget_type=\"call-to-action.default\">\n\t\t\t\t<div class=\"elementor-widget-container\">\n\t\t\t\t\t<a class=\"elementor-cta\" href=\"\/index.php?lang=4&#038;cl=search&#038;searchparam=95%2F5&#038;followSearch=9679\">\n\t\t\t\t\t<div class=\"elementor-cta__bg-wrapper\">\n\t\t\t\t<div class=\"elementor-cta__bg elementor-bg\" style=\"background-image: url(https:\/\/www.schiesser.com\/unternehmen\/wp-content\/uploads\/SS26_Kachel_Unternehmen-Produktwelt_95_5_566x566px.jpg);\"><\/div>\n\t\t\t\t<div class=\"elementor-cta__bg-overlay\"><\/div>\n\t\t\t<\/div>\n\t\t\t\t\t\t\t<div class=\"elementor-cta__content\">\n\t\t\t\t\n\t\t\t\t<h2 class=\"elementor-cta__title elementor-cta__content-item elementor-content-item\"> <\/h2>\n\t\t\t\t\n\t\t\t\t\t\t\t<\/div>\n\t\t\t\t\t\t<\/a>\n\t\t\t\t<\/div>\n\t\t\t\t<\/div>\n\t\t\t\t\t\t<\/div>\n\t\t\t\t\t<\/div>\n\t\t<\/div>\n\t\t\t\t\t\t\t\t<\/div>\n\t\t\t\t\t<\/div>\n\t\t<\/section>\n\t\t\t\t<section class=\"elementor-section elementor-top-section elementor-element elementor-element-78903ee1 elementor-section-boxed elementor-section-height-default elementor-section-height-default\" data-id=\"78903ee1\" data-element_type=\"section\">\n\t\t\t\t\t\t<div class=\"elementor-container elementor-column-gap-default\">\n\t\t\t\t\t\t\t<div class=\"elementor-row\">\n\t\t\t\t\t<div class=\"elementor-column elementor-col-50 elementor-top-column elementor-element elementor-element-5cfa6476\" data-id=\"5cfa6476\" data-element_type=\"column\">\n\t\t\t<div class=\"elementor-column-wrap elementor-element-populated\">\n\t\t\t\t\t\t\t<div class=\"elementor-widget-wrap\">\n\t\t\t\t\t\t<div class=\"elementor-element elementor-element-20573d2e elementor-cta--skin-cover elementor-cta--valign-middle elementor-bg-transform elementor-bg-transform-zoom-in elementor-widget elementor-widget-call-to-action\" data-id=\"20573d2e\" data-element_type=\"widget\" data-widget_type=\"call-to-action.default\">\n\t\t\t\t<div class=\"elementor-widget-container\">\n\t\t\t\t\t<a class=\"elementor-cta\" href=\"\/fr\/loungewear-pour-toute-la-famille-mix-relax\/\">\n\t\t\t\t\t<div class=\"elementor-cta__bg-wrapper\">\n\t\t\t\t<div class=\"elementor-cta__bg elementor-bg\" style=\"background-image: url(https:\/\/www.schiesser.com\/unternehmen\/wp-content\/uploads\/SS26_Kachel_Unternehmen-Produktwelt_MixRelax_566x566px.jpg);\"><\/div>\n\t\t\t\t<div class=\"elementor-cta__bg-overlay\"><\/div>\n\t\t\t<\/div>\n\t\t\t\t\t\t\t<div class=\"elementor-cta__content\">\n\t\t\t\t\n\t\t\t\t\n\t\t\t\t\n\t\t\t\t\t\t\t<\/div>\n\t\t\t\t\t\t<\/a>\n\t\t\t\t<\/div>\n\t\t\t\t<\/div>\n\t\t\t\t\t\t<\/div>\n\t\t\t\t\t<\/div>\n\t\t<\/div>\n\t\t\t\t<div class=\"elementor-column elementor-col-50 elementor-top-column elementor-element elementor-element-5a51925f\" data-id=\"5a51925f\" data-element_type=\"column\">\n\t\t\t<div class=\"elementor-column-wrap elementor-element-populated\">\n\t\t\t\t\t\t\t<div class=\"elementor-widget-wrap\">\n\t\t\t\t\t\t<div class=\"elementor-element elementor-element-34fdbc5a elementor-cta--skin-cover elementor-cta--valign-middle elementor-bg-transform elementor-bg-transform-zoom-in elementor-widget elementor-widget-call-to-action\" data-id=\"34fdbc5a\" data-element_type=\"widget\" data-widget_type=\"call-to-action.default\">\n\t\t\t\t<div class=\"elementor-widget-container\">\n\t\t\t\t\t<a class=\"elementor-cta\" href=\"\/fr\/habiter\/\">\n\t\t\t\t\t<div class=\"elementor-cta__bg-wrapper\">\n\t\t\t\t<div class=\"elementor-cta__bg elementor-bg\" style=\"background-image: url(https:\/\/www.schiesser.com\/unternehmen\/wp-content\/uploads\/SS26_Kachel_Unternehmen-Produktwelt_Heimtextilien_566x566px.jpg);\"><\/div>\n\t\t\t\t<div class=\"elementor-cta__bg-overlay\"><\/div>\n\t\t\t<\/div>\n\t\t\t\t\t\t\t<div class=\"elementor-cta__content\">\n\t\t\t\t\n\t\t\t\t<h2 class=\"elementor-cta__title elementor-cta__content-item elementor-content-item\">LINGE DE MAISON<\/h2>\n\t\t\t\t\n\t\t\t\t\t\t\t<\/div>\n\t\t\t\t\t\t<\/a>\n\t\t\t\t<\/div>\n\t\t\t\t<\/div>\n\t\t\t\t\t\t<\/div>\n\t\t\t\t\t<\/div>\n\t\t<\/div>\n\t\t\t\t\t\t\t\t<\/div>\n\t\t\t\t\t<\/div>\n\t\t<\/section>\n\t\t\t\t<section class=\"elementor-section elementor-top-section elementor-element elementor-element-6e3238c7 elementor-section-boxed elementor-section-height-default elementor-section-height-default\" data-id=\"6e3238c7\" data-element_type=\"section\">\n\t\t\t\t\t\t<div class=\"elementor-container elementor-column-gap-default\">\n\t\t\t\t\t\t\t<div class=\"elementor-row\">\n\t\t\t\t\t<div class=\"elementor-column elementor-col-100 elementor-top-column elementor-element elementor-element-20ec2d05\" data-id=\"20ec2d05\" data-element_type=\"column\">\n\t\t\t<div class=\"elementor-column-wrap elementor-element-populated\">\n\t\t\t\t\t\t\t<div class=\"elementor-widget-wrap\">\n\t\t\t\t\t\t<div class=\"elementor-element elementor-element-2cc7adf6 elementor-widget elementor-widget-spacer\" data-id=\"2cc7adf6\" data-element_type=\"widget\" data-widget_type=\"spacer.default\">\n\t\t\t\t<div class=\"elementor-widget-container\">\n\t\t\t\t\t<div class=\"elementor-spacer\">\n\t\t\t<div class=\"elementor-spacer-inner\"><\/div>\n\t\t<\/div>\n\t\t\t\t<\/div>\n\t\t\t\t<\/div>\n\t\t\t\t\t\t<\/div>\n\t\t\t\t\t<\/div>\n\t\t<\/div>\n\t\t\t\t\t\t\t\t<\/div>\n\t\t\t\t\t<\/div>\n\t\t<\/section>\n\t\t\t\t\t\t\t\t\t<\/div>\n\t\t\t<\/div>\n\t\t\t\t\t<\/div>\n\t\t","protected":false},"excerpt":{"rendered":"<p>Notre univers de Produits Des produits dans l\u2019air du temps d\u2019une incomparable qualit\u00e9 mettant en avant la facilit\u00e9 et le bien-\u00eatre. Le naturel des mat\u00e9riaux et du design d\u00e9finit la ligne directrice de cette prestigieuse collection. LINGE DE MAISON<\/p>\n","protected":false},"author":42,"featured_media":0,"parent":0,"menu_order":0,"comment_status":"closed","ping_status":"closed","template":"elementor_header_footer","meta":[],"acf":[],"yoast_head":"<!-- This site is optimized with the Yoast SEO plugin v20.1 - https:\/\/yoast.com\/wordpress\/plugins\/seo\/ -->\n<title>UNIVERS DE PRODUITS | Schiesser<\/title>\n<meta name=\"robots\" content=\"index, follow, max-snippet:-1, max-image-preview:large, max-video-preview:-1\" \/>\n<link rel=\"canonical\" href=\"https:\/\/www.schiesser.com\/unternehmen\/fr\/univers-de-produits\/\" \/>\n<meta property=\"og:locale\" content=\"fr_FR\" \/>\n<meta property=\"og:type\" content=\"article\" \/>\n<meta property=\"og:title\" content=\"UNIVERS DE PRODUITS | Schiesser\" \/>\n<meta property=\"og:description\" content=\"Notre univers de Produits Des produits dans l\u2019air du temps d\u2019une incomparable qualit\u00e9 mettant en avant la facilit\u00e9 et le bien-\u00eatre. Le naturel des mat\u00e9riaux et du design d\u00e9finit la ligne directrice de cette prestigieuse collection. LINGE DE MAISON\" \/>\n<meta property=\"og:url\" content=\"https:\/\/www.schiesser.com\/unternehmen\/fr\/univers-de-produits\/\" \/>\n<meta property=\"og:site_name\" content=\"Schiesser\" \/>\n<meta property=\"article:publisher\" content=\"https:\/\/de-de.facebook.com\/Schiesser.AG\" \/>\n<meta property=\"article:modified_time\" content=\"2026-01-14T14:38:12+00:00\" \/>\n<meta name=\"twitter:card\" content=\"summary_large_image\" \/>\n<meta name=\"twitter:site\" content=\"@schiesserag\" \/>\n<meta name=\"twitter:label1\" content=\"Dur\u00e9e de lecture estim\u00e9e\" \/>\n\t<meta name=\"twitter:data1\" content=\"1 minute\" \/>\n<script type=\"application\/ld+json\" class=\"yoast-schema-graph\">{\"@context\":\"https:\/\/schema.org\",\"@graph\":[{\"@type\":\"WebPage\",\"@id\":\"https:\/\/www.schiesser.com\/unternehmen\/fr\/univers-de-produits\/\",\"url\":\"https:\/\/www.schiesser.com\/unternehmen\/fr\/univers-de-produits\/\",\"name\":\"UNIVERS DE PRODUITS | Schiesser\",\"isPartOf\":{\"@id\":\"https:\/\/www.schiesser.com\/unternehmen\/fr\/#website\"},\"datePublished\":\"2019-07-01T12:52:46+00:00\",\"dateModified\":\"2026-01-14T14:38:12+00:00\",\"breadcrumb\":{\"@id\":\"https:\/\/www.schiesser.com\/unternehmen\/fr\/univers-de-produits\/#breadcrumb\"},\"inLanguage\":\"fr-FR\",\"potentialAction\":[{\"@type\":\"ReadAction\",\"target\":[\"https:\/\/www.schiesser.com\/unternehmen\/fr\/univers-de-produits\/\"]}]},{\"@type\":\"BreadcrumbList\",\"@id\":\"https:\/\/www.schiesser.com\/unternehmen\/fr\/univers-de-produits\/#breadcrumb\",\"itemListElement\":[{\"@type\":\"ListItem\",\"position\":1,\"name\":\"Home\",\"item\":\"https:\/\/www.schiesser.com\/unternehmen\/fr\/\"},{\"@type\":\"ListItem\",\"position\":2,\"name\":\"UNIVERS DE PRODUITS\"}]},{\"@type\":\"WebSite\",\"@id\":\"https:\/\/www.schiesser.com\/unternehmen\/fr\/#website\",\"url\":\"https:\/\/www.schiesser.com\/unternehmen\/fr\/\",\"name\":\"Schiesser\",\"description\":\"Nat\u00fcrlich. Zeitgeist. Seit 1875\",\"publisher\":{\"@id\":\"https:\/\/www.schiesser.com\/unternehmen\/fr\/#organization\"},\"potentialAction\":[{\"@type\":\"SearchAction\",\"target\":{\"@type\":\"EntryPoint\",\"urlTemplate\":\"https:\/\/www.schiesser.com\/unternehmen\/fr\/?s={search_term_string}\"},\"query-input\":\"required name=search_term_string\"}],\"inLanguage\":\"fr-FR\"},{\"@type\":\"Organization\",\"@id\":\"https:\/\/www.schiesser.com\/unternehmen\/fr\/#organization\",\"name\":\"Schiesser AG\",\"url\":\"https:\/\/www.schiesser.com\/unternehmen\/fr\/\",\"logo\":{\"@type\":\"ImageObject\",\"inLanguage\":\"fr-FR\",\"@id\":\"https:\/\/www.schiesser.com\/unternehmen\/fr\/#\/schema\/logo\/image\/\",\"url\":\"https:\/\/www.schiesser.com\/unternehmen\/wp-content\/uploads\/schiesser_logo.svg\",\"contentUrl\":\"https:\/\/www.schiesser.com\/unternehmen\/wp-content\/uploads\/schiesser_logo.svg\",\"caption\":\"Schiesser AG\"},\"image\":{\"@id\":\"https:\/\/www.schiesser.com\/unternehmen\/fr\/#\/schema\/logo\/image\/\"},\"sameAs\":[\"https:\/\/de-de.facebook.com\/Schiesser.AG\",\"https:\/\/twitter.com\/schiesserag\",\"https:\/\/www.instagram.com\/schiesser\/\",\"https:\/\/de.pinterest.com\/SchiesserAG\/\"]}]}<\/script>\n<!-- \/ Yoast SEO plugin. -->","yoast_head_json":{"title":"UNIVERS DE PRODUITS | Schiesser","robots":{"index":"index","follow":"follow","max-snippet":"max-snippet:-1","max-image-preview":"max-image-preview:large","max-video-preview":"max-video-preview:-1"},"canonical":"https:\/\/www.schiesser.com\/unternehmen\/fr\/univers-de-produits\/","og_locale":"fr_FR","og_type":"article","og_title":"UNIVERS DE PRODUITS | Schiesser","og_description":"Notre univers de Produits Des produits dans l\u2019air du temps d\u2019une incomparable qualit\u00e9 mettant en avant la facilit\u00e9 et le bien-\u00eatre. Le naturel des mat\u00e9riaux et du design d\u00e9finit la ligne directrice de cette prestigieuse collection. LINGE DE MAISON","og_url":"https:\/\/www.schiesser.com\/unternehmen\/fr\/univers-de-produits\/","og_site_name":"Schiesser","article_publisher":"https:\/\/de-de.facebook.com\/Schiesser.AG","article_modified_time":"2026-01-14T14:38:12+00:00","twitter_card":"summary_large_image","twitter_site":"@schiesserag","twitter_misc":{"Dur\u00e9e de lecture estim\u00e9e":"1 minute"},"schema":{"@context":"https:\/\/schema.org","@graph":[{"@type":"WebPage","@id":"https:\/\/www.schiesser.com\/unternehmen\/fr\/univers-de-produits\/","url":"https:\/\/www.schiesser.com\/unternehmen\/fr\/univers-de-produits\/","name":"UNIVERS DE PRODUITS | Schiesser","isPartOf":{"@id":"https:\/\/www.schiesser.com\/unternehmen\/fr\/#website"},"datePublished":"2019-07-01T12:52:46+00:00","dateModified":"2026-01-14T14:38:12+00:00","breadcrumb":{"@id":"https:\/\/www.schiesser.com\/unternehmen\/fr\/univers-de-produits\/#breadcrumb"},"inLanguage":"fr-FR","potentialAction":[{"@type":"ReadAction","target":["https:\/\/www.schiesser.com\/unternehmen\/fr\/univers-de-produits\/"]}]},{"@type":"BreadcrumbList","@id":"https:\/\/www.schiesser.com\/unternehmen\/fr\/univers-de-produits\/#breadcrumb","itemListElement":[{"@type":"ListItem","position":1,"name":"Home","item":"https:\/\/www.schiesser.com\/unternehmen\/fr\/"},{"@type":"ListItem","position":2,"name":"UNIVERS DE PRODUITS"}]},{"@type":"WebSite","@id":"https:\/\/www.schiesser.com\/unternehmen\/fr\/#website","url":"https:\/\/www.schiesser.com\/unternehmen\/fr\/","name":"Schiesser","description":"Nat\u00fcrlich. Zeitgeist. Seit 1875","publisher":{"@id":"https:\/\/www.schiesser.com\/unternehmen\/fr\/#organization"},"potentialAction":[{"@type":"SearchAction","target":{"@type":"EntryPoint","urlTemplate":"https:\/\/www.schiesser.com\/unternehmen\/fr\/?s={search_term_string}"},"query-input":"required name=search_term_string"}],"inLanguage":"fr-FR"},{"@type":"Organization","@id":"https:\/\/www.schiesser.com\/unternehmen\/fr\/#organization","name":"Schiesser AG","url":"https:\/\/www.schiesser.com\/unternehmen\/fr\/","logo":{"@type":"ImageObject","inLanguage":"fr-FR","@id":"https:\/\/www.schiesser.com\/unternehmen\/fr\/#\/schema\/logo\/image\/","url":"https:\/\/www.schiesser.com\/unternehmen\/wp-content\/uploads\/schiesser_logo.svg","contentUrl":"https:\/\/www.schiesser.com\/unternehmen\/wp-content\/uploads\/schiesser_logo.svg","caption":"Schiesser AG"},"image":{"@id":"https:\/\/www.schiesser.com\/unternehmen\/fr\/#\/schema\/logo\/image\/"},"sameAs":["https:\/\/de-de.facebook.com\/Schiesser.AG","https:\/\/twitter.com\/schiesserag","https:\/\/www.instagram.com\/schiesser\/","https:\/\/de.pinterest.com\/SchiesserAG\/"]}]}},"_links":{"self":[{"href":"https:\/\/www.schiesser.com\/unternehmen\/fr\/wp-json\/wp\/v2\/pages\/3999"}],"collection":[{"href":"https:\/\/www.schiesser.com\/unternehmen\/fr\/wp-json\/wp\/v2\/pages"}],"about":[{"href":"https:\/\/www.schiesser.com\/unternehmen\/fr\/wp-json\/wp\/v2\/types\/page"}],"author":[{"embeddable":true,"href":"https:\/\/www.schiesser.com\/unternehmen\/fr\/wp-json\/wp\/v2\/users\/42"}],"replies":[{"embeddable":true,"href":"https:\/\/www.schiesser.com\/unternehmen\/fr\/wp-json\/wp\/v2\/comments?post=3999"}],"version-history":[{"count":15,"href":"https:\/\/www.schiesser.com\/unternehmen\/fr\/wp-json\/wp\/v2\/pages\/3999\/revisions"}],"predecessor-version":[{"id":12761,"href":"https:\/\/www.schiesser.com\/unternehmen\/fr\/wp-json\/wp\/v2\/pages\/3999\/revisions\/12761"}],"wp:attachment":[{"href":"https:\/\/www.schiesser.com\/unternehmen\/fr\/wp-json\/wp\/v2\/media?parent=3999"}],"curies":[{"name":"wp","href":"https:\/\/api.w.org\/{rel}","templated":true}]}}