{"id":33,"date":"2015-10-06T09:26:34","date_gmt":"2015-10-06T07:26:34","guid":{"rendered":"http:\/\/www.schiesser.com\/magazin\/?page_id=33"},"modified":"2021-11-17T13:56:19","modified_gmt":"2021-11-17T12:56:19","slug":"ueber-schiesser","status":"publish","type":"page","link":"https:\/\/www.schiesser.com\/magazin\/ueber-schiesser\/","title":{"rendered":"\u00dcber Schiesser"},"content":{"rendered":"<section class=\"wpb-content-wrapper\"><p>[vc_row][vc_column][vc_column_text]<\/p>\n<h1>SCHIESSER \u2013 Nat\u00fcrlich. Zeitgeist. Seit 1875<\/h1>\n<p>[\/vc_column_text][\/vc_column][\/vc_row][vc_row][vc_column][vc_column_text]Unterw\u00e4sche f\u00fcr die ganze Familie, dies hat sich SCHIESSER ganz gro\u00df auf die Fahnen geschrieben und visiert damit als eines der wenigen Unternehmen weltweit eine Zielgruppe in dieser Bandbreite an. Seit 1875 \u00fcberzeugt der W\u00e4sche-Spezialist mit Sitz in Radolfzell am Bodensee bereits mit unnachahmlicher Qualit\u00e4t, Nat\u00fcrlichkeit und hochwertiger Verarbeitung. So, wie einst Jacques Schiesser es etabliert hat, verkn\u00fcpft der deutscher Marktf\u00fchrer auf innovative Weise etablierte Werte mit moderner \u00c4sthetik.<\/p>\n<p>SCHIESSER Produkte begleiten Menschen ein Leben lang: mit perfekt sitzender Tagw\u00e4sche in etwa, gem\u00fctlicher Nachtw\u00e4sche oder komfortablen Socken. Raffinierte Shapewear und wundersch\u00f6ne Bademode d\u00fcrfen ebenfalls nicht fehlen. Und seit kurzem umgarnt SCHIESSER Damen und Herren zudem mit erstklassiger Oberbekleidung.<\/p>\n<p>Angefangen bei den Kleinsten steht SCHIESSER mit erstklassiger Baby- und Kinderw\u00e4sche fr\u00f6hlichen Jungen und M\u00e4dchen beim Heranwachsen, Spielen und Toben zur Seite. Liebgewonnene Helden wie Capt\u00b4n Sharky oder Prinzessin Lillifee lassen Kinderherzen h\u00f6her schlagen und machen dabei ganz ohne Zwicken und Kneifen jeden Spa\u00df garantiert mit!<\/p>\n<p>In der Schule darf\u00b4s ein wenig cooler sein: Da treffen knallige Farben auf topaktuelle Designs, manchmal darf\u00b4s ganz pur sein, Hauptsache das Lieblingsunterhemd und der erste BH sind superbequem und sehen klasse aus!<\/p>\n<p>Ganz dem Gesamtmotto gerecht, findet in der Basic-Serie 95\/5 die ganze Familie herrlich bequeme W\u00e4sche mit absoluter Wohlf\u00fchlformel: 95% seidigweiche Baumwolle und 5% komfortables Elastan sind dabei die perfekte Mischung f\u00fcr h\u00f6chsten Tragekomfort und eine optimale Passform.<\/p>\n<p>Mit dem Kombinationsprogramm Mix &amp; Relax k\u00f6nnen Freigeister und Genie\u00dfer ihrer Kreativit\u00e4t freien Lauf lassen! Von gem\u00fctlichen Loungehosen, \u00fcber softe Langarmshirts bis hin zu kuscheligen Sweatjacken kann Loungewear nach Herzenslust zusammengestellt werden und verw\u00f6hnt zu jeder Jahreszeit mit modernen Produkten in Bestform.<\/p>\n<p>Wer\u00b4s sportlich mag, wird die SCHIESSER-Sportserien lieben, die f\u00fcr jedes Bewegungsniveau genau das Richtige bieten. Mit den Serien Allround, Extreme, Thermo Light und Thermo Plus findet die ganze Familie Sportw\u00e4sche, die angefangen bei multifunktionaler Ganzjahresw\u00e4sche \u00fcber leistungsorientierte Funktionsw\u00e4sche bis hin zur Unterw\u00e4sche f\u00fcr die kalte Jahreszeit jeden Bedarf ganz professionell deckt. Nat\u00fcrlich d\u00fcrfen ideal sitzende Sport-BHs f\u00fcr unterschiedlichste Belastungen und vielf\u00e4ltige Bademode dabei nicht fehlen.<\/p>\n<p>Und weil das letzte I-T\u00fcpfelchen noch fehlte, gibt es im SCHIESSER-Onlineshop ab sofort hochwertige Oberbekleidung f\u00fcr Sie und Ihn. L\u00e4ssige Poloshirts in etwa finden in edlen Kaschmir-Pullovern ein wundersch\u00f6nes Pendant. Feine Blusen bereichern jedes Outfit mit dem gewissen Etwas und optimal sitzende Oberhemden begeistern anspruchsvolle Herren in Job und Freizeit mit Farbenvielfalt sowie unterschiedlichsten Schnittformen.<\/p>\n<p>SCHIESSER ist genau das Richtige f\u00fcr Menschen, die bew\u00e4hrt beste Qualit\u00e4t sch\u00e4tzen und dennoch nicht auf Innovation und modische Raffinesse verzichten m\u00f6chten![\/vc_column_text][\/vc_column][\/vc_row]<\/p>\n<\/section>","protected":false},"excerpt":{"rendered":"<p>[vc_row][vc_column][vc_column_text] SCHIESSER \u2013 Nat\u00fcrlich. Zeitgeist. Seit 1875 [\/vc_column_text][\/vc_column][\/vc_row][vc_row][vc_column][vc_column_text]Unterw\u00e4sche f\u00fcr die ganze Familie, dies hat sich SCHIESSER ganz gro\u00df auf die Fahnen geschrieben und visiert damit als eines der wenigen Unternehmen weltweit eine Zielgruppe in dieser Bandbreite an. Seit 1875 \u00fcberzeugt der W\u00e4sche-Spezialist mit Sitz in Radolfzell am Bodensee bereits mit unnachahmlicher Qualit\u00e4t, Nat\u00fcrlichkeit und hochwertiger Verarbeitung. So, wie einst Jacques Schiesser es etabliert hat, verkn\u00fcpft der deutscher Marktf\u00fchrer auf innovative Weise etablierte Werte mit moderner \u00c4sthetik. SCHIESSER Produkte begleiten Menschen ein Leben lang: mit perfekt sitzender Tagw\u00e4sche in etwa, gem\u00fctlicher Nachtw\u00e4sche oder komfortablen Socken. Raffinierte Shapewear und wundersch\u00f6ne Bademode d\u00fcrfen ebenfalls nicht fehlen. Und seit kurzem umgarnt SCHIESSER Damen und Herren zudem mit erstklassiger Oberbekleidung. Angefangen bei den Kleinsten steht &hellip;<\/p>\n<p class=\"read-more\"> <a class=\"\" href=\"https:\/\/www.schiesser.com\/magazin\/ueber-schiesser\/\"> <span class=\"screen-reader-text\">\u00dcber Schiesser<\/span> Read More &raquo;<\/a><\/p>\n","protected":false},"author":41,"featured_media":0,"parent":0,"menu_order":0,"comment_status":"closed","ping_status":"closed","template":"","meta":[],"yoast_head":"<!-- This site is optimized with the Yoast SEO plugin v20.2 - https:\/\/yoast.com\/wordpress\/plugins\/seo\/ -->\n<title>\u00dcber Schiesser - Schiesser Magazin<\/title>\n<meta name=\"description\" content=\"Nat\u00fcrlich. Zeitgeist. Seit 1875. Was SCHIESSER ausmacht und warum wir W\u00e4sche lieben, erfahren Sie jetzt im SCHIESSER Magazin!\" \/>\n<meta name=\"robots\" content=\"index, follow, max-snippet:-1, max-image-preview:large, max-video-preview:-1\" \/>\n<link rel=\"canonical\" href=\"https:\/\/www.schiesser.com\/magazin\/ueber-schiesser\/\" \/>\n<meta property=\"og:locale\" content=\"de_DE\" \/>\n<meta property=\"og:type\" content=\"article\" \/>\n<meta property=\"og:title\" content=\"\u00dcber Schiesser - Schiesser Magazin\" \/>\n<meta property=\"og:description\" content=\"Nat\u00fcrlich. Zeitgeist. Seit 1875. Was SCHIESSER ausmacht und warum wir W\u00e4sche lieben, erfahren Sie jetzt im SCHIESSER Magazin!\" \/>\n<meta property=\"og:url\" content=\"https:\/\/www.schiesser.com\/magazin\/ueber-schiesser\/\" \/>\n<meta property=\"og:site_name\" content=\"Schiesser\" \/>\n<meta property=\"article:publisher\" content=\"https:\/\/www.facebook.com\/SCHIESSERGmbH1875\" \/>\n<meta property=\"article:modified_time\" content=\"2021-11-17T12:56:19+00:00\" \/>\n<meta name=\"twitter:card\" content=\"summary_large_image\" \/>\n<meta name=\"twitter:site\" content=\"@schiessergmbh\" \/>\n<meta name=\"twitter:label1\" content=\"Gesch\u00e4tzte Lesezeit\" \/>\n\t<meta name=\"twitter:data1\" content=\"2 Minuten\" \/>\n<script type=\"application\/ld+json\" class=\"yoast-schema-graph\">{\"@context\":\"https:\/\/schema.org\",\"@graph\":[{\"@type\":\"WebPage\",\"@id\":\"https:\/\/www.schiesser.com\/magazin\/ueber-schiesser\/\",\"url\":\"https:\/\/www.schiesser.com\/magazin\/ueber-schiesser\/\",\"name\":\"\u00dcber Schiesser - Schiesser Magazin\",\"isPartOf\":{\"@id\":\"https:\/\/www.schiesser.com\/magazin\/#website\"},\"datePublished\":\"2015-10-06T07:26:34+00:00\",\"dateModified\":\"2021-11-17T12:56:19+00:00\",\"description\":\"Nat\u00fcrlich. Zeitgeist. Seit 1875. Was SCHIESSER ausmacht und warum wir W\u00e4sche lieben, erfahren Sie jetzt im SCHIESSER Magazin!\",\"breadcrumb\":{\"@id\":\"https:\/\/www.schiesser.com\/magazin\/ueber-schiesser\/#breadcrumb\"},\"inLanguage\":\"de-DE\",\"potentialAction\":[{\"@type\":\"ReadAction\",\"target\":[\"https:\/\/www.schiesser.com\/magazin\/ueber-schiesser\/\"]}]},{\"@type\":\"BreadcrumbList\",\"@id\":\"https:\/\/www.schiesser.com\/magazin\/ueber-schiesser\/#breadcrumb\",\"itemListElement\":[{\"@type\":\"ListItem\",\"position\":1,\"name\":\"Home\",\"item\":\"https:\/\/www.schiesser.com\/magazin\/\"},{\"@type\":\"ListItem\",\"position\":2,\"name\":\"\u00dcber Schiesser\"}]},{\"@type\":\"WebSite\",\"@id\":\"https:\/\/www.schiesser.com\/magazin\/#website\",\"url\":\"https:\/\/www.schiesser.com\/magazin\/\",\"name\":\"Schiesser\",\"description\":\"Nat\u00fcrlich. Zeitgeist. Seit 1875\",\"publisher\":{\"@id\":\"https:\/\/www.schiesser.com\/magazin\/#organization\"},\"potentialAction\":[{\"@type\":\"SearchAction\",\"target\":{\"@type\":\"EntryPoint\",\"urlTemplate\":\"https:\/\/www.schiesser.com\/magazin\/?s={search_term_string}\"},\"query-input\":\"required name=search_term_string\"}],\"inLanguage\":\"de-DE\"},{\"@type\":\"Organization\",\"@id\":\"https:\/\/www.schiesser.com\/magazin\/#organization\",\"name\":\"Schiesser GmbH\",\"url\":\"https:\/\/www.schiesser.com\/magazin\/\",\"logo\":{\"@type\":\"ImageObject\",\"inLanguage\":\"de-DE\",\"@id\":\"https:\/\/www.schiesser.com\/magazin\/#\/schema\/logo\/image\/\",\"url\":\"https:\/\/www.schiesser.com\/magazin\/wp-content\/uploads\/logo.png\",\"contentUrl\":\"https:\/\/www.schiesser.com\/magazin\/wp-content\/uploads\/logo.png\",\"width\":245,\"height\":42,\"caption\":\"Schiesser GmbH\"},\"image\":{\"@id\":\"https:\/\/www.schiesser.com\/magazin\/#\/schema\/logo\/image\/\"},\"sameAs\":[\"https:\/\/www.facebook.com\/SCHIESSERGmbH1875\",\"https:\/\/twitter.com\/schiessergmbh\",\"https:\/\/www.instagram.com\/schiesser\/\",\"https:\/\/www.pinterest.de\/schiessergmbh\/\",\"https:\/\/www.youtube.com\/channel\/UCCe2pgIFNVcYnfvpt34fGMw\"]}]}<\/script>\n<!-- \/ Yoast SEO plugin. -->","yoast_head_json":{"title":"\u00dcber Schiesser - Schiesser Magazin","description":"Nat\u00fcrlich. Zeitgeist. Seit 1875. Was SCHIESSER ausmacht und warum wir W\u00e4sche lieben, erfahren Sie jetzt im SCHIESSER Magazin!","robots":{"index":"index","follow":"follow","max-snippet":"max-snippet:-1","max-image-preview":"max-image-preview:large","max-video-preview":"max-video-preview:-1"},"canonical":"https:\/\/www.schiesser.com\/magazin\/ueber-schiesser\/","og_locale":"de_DE","og_type":"article","og_title":"\u00dcber Schiesser - Schiesser Magazin","og_description":"Nat\u00fcrlich. Zeitgeist. Seit 1875. Was SCHIESSER ausmacht und warum wir W\u00e4sche lieben, erfahren Sie jetzt im SCHIESSER Magazin!","og_url":"https:\/\/www.schiesser.com\/magazin\/ueber-schiesser\/","og_site_name":"Schiesser","article_publisher":"https:\/\/www.facebook.com\/SCHIESSERGmbH1875","article_modified_time":"2021-11-17T12:56:19+00:00","twitter_card":"summary_large_image","twitter_site":"@schiessergmbh","twitter_misc":{"Gesch\u00e4tzte Lesezeit":"2 Minuten"},"schema":{"@context":"https:\/\/schema.org","@graph":[{"@type":"WebPage","@id":"https:\/\/www.schiesser.com\/magazin\/ueber-schiesser\/","url":"https:\/\/www.schiesser.com\/magazin\/ueber-schiesser\/","name":"\u00dcber Schiesser - Schiesser Magazin","isPartOf":{"@id":"https:\/\/www.schiesser.com\/magazin\/#website"},"datePublished":"2015-10-06T07:26:34+00:00","dateModified":"2021-11-17T12:56:19+00:00","description":"Nat\u00fcrlich. Zeitgeist. Seit 1875. Was SCHIESSER ausmacht und warum wir W\u00e4sche lieben, erfahren Sie jetzt im SCHIESSER Magazin!","breadcrumb":{"@id":"https:\/\/www.schiesser.com\/magazin\/ueber-schiesser\/#breadcrumb"},"inLanguage":"de-DE","potentialAction":[{"@type":"ReadAction","target":["https:\/\/www.schiesser.com\/magazin\/ueber-schiesser\/"]}]},{"@type":"BreadcrumbList","@id":"https:\/\/www.schiesser.com\/magazin\/ueber-schiesser\/#breadcrumb","itemListElement":[{"@type":"ListItem","position":1,"name":"Home","item":"https:\/\/www.schiesser.com\/magazin\/"},{"@type":"ListItem","position":2,"name":"\u00dcber Schiesser"}]},{"@type":"WebSite","@id":"https:\/\/www.schiesser.com\/magazin\/#website","url":"https:\/\/www.schiesser.com\/magazin\/","name":"Schiesser","description":"Nat\u00fcrlich. Zeitgeist. Seit 1875","publisher":{"@id":"https:\/\/www.schiesser.com\/magazin\/#organization"},"potentialAction":[{"@type":"SearchAction","target":{"@type":"EntryPoint","urlTemplate":"https:\/\/www.schiesser.com\/magazin\/?s={search_term_string}"},"query-input":"required name=search_term_string"}],"inLanguage":"de-DE"},{"@type":"Organization","@id":"https:\/\/www.schiesser.com\/magazin\/#organization","name":"Schiesser GmbH","url":"https:\/\/www.schiesser.com\/magazin\/","logo":{"@type":"ImageObject","inLanguage":"de-DE","@id":"https:\/\/www.schiesser.com\/magazin\/#\/schema\/logo\/image\/","url":"https:\/\/www.schiesser.com\/magazin\/wp-content\/uploads\/logo.png","contentUrl":"https:\/\/www.schiesser.com\/magazin\/wp-content\/uploads\/logo.png","width":245,"height":42,"caption":"Schiesser GmbH"},"image":{"@id":"https:\/\/www.schiesser.com\/magazin\/#\/schema\/logo\/image\/"},"sameAs":["https:\/\/www.facebook.com\/SCHIESSERGmbH1875","https:\/\/twitter.com\/schiessergmbh","https:\/\/www.instagram.com\/schiesser\/","https:\/\/www.pinterest.de\/schiessergmbh\/","https:\/\/www.youtube.com\/channel\/UCCe2pgIFNVcYnfvpt34fGMw"]}]}},"_links":{"self":[{"href":"https:\/\/www.schiesser.com\/magazin\/wp-json\/wp\/v2\/pages\/33"}],"collection":[{"href":"https:\/\/www.schiesser.com\/magazin\/wp-json\/wp\/v2\/pages"}],"about":[{"href":"https:\/\/www.schiesser.com\/magazin\/wp-json\/wp\/v2\/types\/page"}],"author":[{"embeddable":true,"href":"https:\/\/www.schiesser.com\/magazin\/wp-json\/wp\/v2\/users\/41"}],"replies":[{"embeddable":true,"href":"https:\/\/www.schiesser.com\/magazin\/wp-json\/wp\/v2\/comments?post=33"}],"version-history":[{"count":7,"href":"https:\/\/www.schiesser.com\/magazin\/wp-json\/wp\/v2\/pages\/33\/revisions"}],"predecessor-version":[{"id":1061,"href":"https:\/\/www.schiesser.com\/magazin\/wp-json\/wp\/v2\/pages\/33\/revisions\/1061"}],"wp:attachment":[{"href":"https:\/\/www.schiesser.com\/magazin\/wp-json\/wp\/v2\/media?parent=33"}],"curies":[{"name":"wp","href":"https:\/\/api.w.org\/{rel}","templated":true}]}}