{"id":3140,"date":"2019-06-19T08:39:20","date_gmt":"2019-06-19T06:39:20","guid":{"rendered":"http:\/\/schiessermagazin.test\/?page_id=3140"},"modified":"2026-01-26T08:52:23","modified_gmt":"2026-01-26T07:52:23","slug":"offene-stellen","status":"publish","type":"page","link":"https:\/\/www.schiesser.com\/unternehmen\/offene-stellen\/","title":{"rendered":"Offene Stellen"},"content":{"rendered":"\t\t<div data-elementor-type=\"wp-post\" data-elementor-id=\"3140\" class=\"elementor elementor-3140\">\n\t\t\t\t\t\t<div class=\"elementor-inner\">\n\t\t\t\t<div class=\"elementor-section-wrap\">\n\t\t\t\t\t\t\t\t\t<section class=\"elementor-section elementor-top-section elementor-element elementor-element-ce9dc44 elementor-section-boxed elementor-section-height-default elementor-section-height-default\" data-id=\"ce9dc44\" data-element_type=\"section\">\n\t\t\t\t\t\t<div class=\"elementor-container elementor-column-gap-no\">\n\t\t\t\t\t\t\t<div class=\"elementor-row\">\n\t\t\t\t\t<div class=\"elementor-column elementor-col-100 elementor-top-column elementor-element elementor-element-3084cb7\" data-id=\"3084cb7\" data-element_type=\"column\">\n\t\t\t<div class=\"elementor-column-wrap elementor-element-populated\">\n\t\t\t\t\t\t\t<div class=\"elementor-widget-wrap\">\n\t\t\t\t\t\t<div class=\"elementor-element elementor-element-1a3689c elementor-widget elementor-widget-image\" data-id=\"1a3689c\" data-element_type=\"widget\" data-widget_type=\"image.default\">\n\t\t\t\t<div class=\"elementor-widget-container\">\n\t\t\t\t\t\t\t\t<div class=\"elementor-image\">\n\t\t\t\t\t\t\t\t\t\t\t\t<img decoding=\"async\" width=\"1800\" height=\"800\" src=\"https:\/\/www.schiesser.com\/unternehmen\/wp-content\/uploads\/SS26_Karriere_Banner_OffeneStellen_1800x800px.jpg\" class=\"attachment-full size-full wp-image-12830\" alt=\"Mann in wei\u00dfem Polo Shirt.\" loading=\"lazy\" srcset=\"https:\/\/www.schiesser.com\/unternehmen\/wp-content\/uploads\/SS26_Karriere_Banner_OffeneStellen_1800x800px.jpg 1800w, https:\/\/www.schiesser.com\/unternehmen\/wp-content\/uploads\/SS26_Karriere_Banner_OffeneStellen_1800x800px-300x133.jpg 300w, https:\/\/www.schiesser.com\/unternehmen\/wp-content\/uploads\/SS26_Karriere_Banner_OffeneStellen_1800x800px-1024x455.jpg 1024w, https:\/\/www.schiesser.com\/unternehmen\/wp-content\/uploads\/SS26_Karriere_Banner_OffeneStellen_1800x800px-768x341.jpg 768w, https:\/\/www.schiesser.com\/unternehmen\/wp-content\/uploads\/SS26_Karriere_Banner_OffeneStellen_1800x800px-1536x683.jpg 1536w\" sizes=\"(max-width: 1800px) 100vw, 1800px\" \/>\t\t\t\t\t\t\t\t\t\t\t\t\t\t<\/div>\n\t\t\t\t\t\t<\/div>\n\t\t\t\t<\/div>\n\t\t\t\t\t\t<\/div>\n\t\t\t\t\t<\/div>\n\t\t<\/div>\n\t\t\t\t\t\t\t\t<\/div>\n\t\t\t\t\t<\/div>\n\t\t<\/section>\n\t\t\t\t<section class=\"elementor-section elementor-top-section elementor-element elementor-element-11799ea elementor-section-boxed elementor-section-height-default elementor-section-height-default\" data-id=\"11799ea\" data-element_type=\"section\">\n\t\t\t\t\t\t<div class=\"elementor-container elementor-column-gap-default\">\n\t\t\t\t\t\t\t<div class=\"elementor-row\">\n\t\t\t\t\t<div class=\"elementor-column elementor-col-100 elementor-top-column elementor-element elementor-element-e8a2cd1\" data-id=\"e8a2cd1\" data-element_type=\"column\">\n\t\t\t<div class=\"elementor-column-wrap elementor-element-populated\">\n\t\t\t\t\t\t\t<div class=\"elementor-widget-wrap\">\n\t\t\t\t\t\t<div class=\"elementor-element elementor-element-a752c2b elementor-widget elementor-widget-spacer\" data-id=\"a752c2b\" data-element_type=\"widget\" data-widget_type=\"spacer.default\">\n\t\t\t\t<div class=\"elementor-widget-container\">\n\t\t\t\t\t<div class=\"elementor-spacer\">\n\t\t\t<div class=\"elementor-spacer-inner\"><\/div>\n\t\t<\/div>\n\t\t\t\t<\/div>\n\t\t\t\t<\/div>\n\t\t\t\t<div class=\"elementor-element elementor-element-29605ff elementor-widget elementor-widget-heading\" data-id=\"29605ff\" data-element_type=\"widget\" data-widget_type=\"heading.default\">\n\t\t\t\t<div class=\"elementor-widget-container\">\n\t\t\t<h2 class=\"elementor-heading-title elementor-size-default\">Offene Stellen<\/h2>\t\t<\/div>\n\t\t\t\t<\/div>\n\t\t\t\t<div class=\"elementor-element elementor-element-357fc29 elementor-widget elementor-widget-spacer\" data-id=\"357fc29\" data-element_type=\"widget\" data-widget_type=\"spacer.default\">\n\t\t\t\t<div class=\"elementor-widget-container\">\n\t\t\t\t\t<div class=\"elementor-spacer\">\n\t\t\t<div class=\"elementor-spacer-inner\"><\/div>\n\t\t<\/div>\n\t\t\t\t<\/div>\n\t\t\t\t<\/div>\n\t\t\t\t<div class=\"elementor-element elementor-element-ffd2a6f elementor-widget elementor-widget-text-editor\" data-id=\"ffd2a6f\" data-element_type=\"widget\" data-widget_type=\"text-editor.default\">\n\t\t\t\t<div class=\"elementor-widget-container\">\n\t\t\t\t\t\t\t\t<div class=\"elementor-text-editor elementor-clearfix\">\n\t\t\t\t<p>SCHIESSER steht f\u00fcr Zeitgeist und Qualit\u00e4t, unsere Produkte f\u00fcr absolutes Wohlbefinden. Wir pr\u00e4gen und interpretieren den herrschenden Zeitgeist seit \u00fcber 140 Jahren und \u00fcbersetzen diesen in W\u00e4sche f\u00fcr die ganze Familie. Nat\u00fcrlichkeit, Innovation, Qualit\u00e4t und Tradition sind die Grundpfeiler unserer Philosophie und bilden die Basis unseres t\u00e4glichen Handelns.<\/p><p>Wir bieten vielf\u00e4ltige M\u00f6glichkeiten, Deine F\u00e4higkeiten und Talente einzusetzen und weiter zu entwickeln. Werde Teil eines starken Teams und gestalte gemeinsam mit uns Deine Zukunft.<\/p>\t\t\t\t\t<\/div>\n\t\t\t\t\t\t<\/div>\n\t\t\t\t<\/div>\n\t\t\t\t<div class=\"elementor-element elementor-element-6842469 elementor-widget elementor-widget-html\" data-id=\"6842469\" data-element_type=\"widget\" data-widget_type=\"html.default\">\n\t\t\t\t<div class=\"elementor-widget-container\">\n\t\t\t<script defer src=\"https:\/\/www.zukunft-schiesser.com\/appo\/public\/jobWidgetLoader\/8a8226f5-0cfc-4d22-b292-e9e0c8be7300.js\"><\/script>\r\n<div class=\"dvinci-job-widget\" \/>\t\t<\/div>\n\t\t\t\t<\/div>\n\t\t\t\t<div class=\"elementor-element elementor-element-1b19be9 elementor-widget elementor-widget-spacer\" data-id=\"1b19be9\" data-element_type=\"widget\" data-widget_type=\"spacer.default\">\n\t\t\t\t<div class=\"elementor-widget-container\">\n\t\t\t\t\t<div class=\"elementor-spacer\">\n\t\t\t<div class=\"elementor-spacer-inner\"><\/div>\n\t\t<\/div>\n\t\t\t\t<\/div>\n\t\t\t\t<\/div>\n\t\t\t\t<div class=\"elementor-element elementor-element-0ef643b elementor-widget elementor-widget-text-editor\" data-id=\"0ef643b\" data-element_type=\"widget\" data-widget_type=\"text-editor.default\">\n\t\t\t\t<div class=\"elementor-widget-container\">\n\t\t\t\t\t\t\t\t<div class=\"elementor-text-editor elementor-clearfix\">\n\t\t\t\tNichts passendes dabei? <a href=\"https:\/\/schiesserag.dvinci-hr.com\/de\/jobs\/7\/intro\">Bewerben Sie sich gerne Initiativ bei uns.<\/a>\t\t\t\t\t<\/div>\n\t\t\t\t\t\t<\/div>\n\t\t\t\t<\/div>\n\t\t\t\t<div class=\"elementor-element elementor-element-6959d7d elementor-widget elementor-widget-spacer\" data-id=\"6959d7d\" data-element_type=\"widget\" data-widget_type=\"spacer.default\">\n\t\t\t\t<div class=\"elementor-widget-container\">\n\t\t\t\t\t<div class=\"elementor-spacer\">\n\t\t\t<div class=\"elementor-spacer-inner\"><\/div>\n\t\t<\/div>\n\t\t\t\t<\/div>\n\t\t\t\t<\/div>\n\t\t\t\t\t\t<\/div>\n\t\t\t\t\t<\/div>\n\t\t<\/div>\n\t\t\t\t\t\t\t\t<\/div>\n\t\t\t\t\t<\/div>\n\t\t<\/section>\n\t\t\t\t\t\t\t\t\t<\/div>\n\t\t\t<\/div>\n\t\t\t\t\t<\/div>\n\t\t","protected":false},"excerpt":{"rendered":"<p>Offene Stellen SCHIESSER steht f\u00fcr Zeitgeist und Qualit\u00e4t, unsere Produkte f\u00fcr absolutes Wohlbefinden. Wir pr\u00e4gen und interpretieren den herrschenden Zeitgeist seit \u00fcber 140 Jahren und \u00fcbersetzen diesen in W\u00e4sche f\u00fcr die ganze Familie. Nat\u00fcrlichkeit, Innovation, Qualit\u00e4t und Tradition sind die Grundpfeiler unserer Philosophie und bilden die Basis unseres t\u00e4glichen Handelns. Wir bieten vielf\u00e4ltige M\u00f6glichkeiten, Deine [&hellip;]<\/p>\n","protected":false},"author":42,"featured_media":0,"parent":0,"menu_order":0,"comment_status":"closed","ping_status":"closed","template":"elementor_header_footer","meta":[],"acf":[],"yoast_head":"<!-- This site is optimized with the Yoast SEO plugin v20.1 - https:\/\/yoast.com\/wordpress\/plugins\/seo\/ -->\n<title>Offene Stellen | Schiesser<\/title>\n<meta name=\"robots\" content=\"index, follow, max-snippet:-1, max-image-preview:large, max-video-preview:-1\" \/>\n<link rel=\"canonical\" href=\"https:\/\/www.schiesser.com\/unternehmen\/offene-stellen\/\" \/>\n<meta property=\"og:locale\" content=\"de_DE\" \/>\n<meta property=\"og:type\" content=\"article\" \/>\n<meta property=\"og:title\" content=\"Offene Stellen | Schiesser\" \/>\n<meta property=\"og:description\" content=\"Offene Stellen SCHIESSER steht f\u00fcr Zeitgeist und Qualit\u00e4t, unsere Produkte f\u00fcr absolutes Wohlbefinden. Wir pr\u00e4gen und interpretieren den herrschenden Zeitgeist seit \u00fcber 140 Jahren und \u00fcbersetzen diesen in W\u00e4sche f\u00fcr die ganze Familie. Nat\u00fcrlichkeit, Innovation, Qualit\u00e4t und Tradition sind die Grundpfeiler unserer Philosophie und bilden die Basis unseres t\u00e4glichen Handelns. Wir bieten vielf\u00e4ltige M\u00f6glichkeiten, Deine [&hellip;]\" \/>\n<meta property=\"og:url\" content=\"https:\/\/www.schiesser.com\/unternehmen\/offene-stellen\/\" \/>\n<meta property=\"og:site_name\" content=\"Schiesser\" \/>\n<meta property=\"article:publisher\" content=\"https:\/\/de-de.facebook.com\/Schiesser.AG\" \/>\n<meta property=\"article:modified_time\" content=\"2026-01-26T07:52:23+00:00\" \/>\n<meta property=\"og:image\" content=\"https:\/\/www.schiesser.com\/unternehmen\/wp-content\/uploads\/SS26_Karriere_Banner_OffeneStellen_1800x800px.jpg\" \/>\n<meta name=\"twitter:card\" content=\"summary_large_image\" \/>\n<meta name=\"twitter:site\" content=\"@schiesserag\" \/>\n<meta name=\"twitter:label1\" content=\"Gesch\u00e4tzte Lesezeit\" \/>\n\t<meta name=\"twitter:data1\" content=\"3 Minuten\" \/>\n<script type=\"application\/ld+json\" class=\"yoast-schema-graph\">{\"@context\":\"https:\/\/schema.org\",\"@graph\":[{\"@type\":\"WebPage\",\"@id\":\"https:\/\/www.schiesser.com\/unternehmen\/offene-stellen\/\",\"url\":\"https:\/\/www.schiesser.com\/unternehmen\/offene-stellen\/\",\"name\":\"Offene Stellen | Schiesser\",\"isPartOf\":{\"@id\":\"https:\/\/www.schiesser.com\/unternehmen\/#website\"},\"datePublished\":\"2019-06-19T06:39:20+00:00\",\"dateModified\":\"2026-01-26T07:52:23+00:00\",\"breadcrumb\":{\"@id\":\"https:\/\/www.schiesser.com\/unternehmen\/offene-stellen\/#breadcrumb\"},\"inLanguage\":\"de-DE\",\"potentialAction\":[{\"@type\":\"ReadAction\",\"target\":[\"https:\/\/www.schiesser.com\/unternehmen\/offene-stellen\/\"]}]},{\"@type\":\"BreadcrumbList\",\"@id\":\"https:\/\/www.schiesser.com\/unternehmen\/offene-stellen\/#breadcrumb\",\"itemListElement\":[{\"@type\":\"ListItem\",\"position\":1,\"name\":\"Home\",\"item\":\"https:\/\/www.schiesser.com\/unternehmen\/\"},{\"@type\":\"ListItem\",\"position\":2,\"name\":\"Offene Stellen\"}]},{\"@type\":\"WebSite\",\"@id\":\"https:\/\/www.schiesser.com\/unternehmen\/#website\",\"url\":\"https:\/\/www.schiesser.com\/unternehmen\/\",\"name\":\"Schiesser\",\"description\":\"Nat\u00fcrlich. Zeitgeist. Seit 1875\",\"publisher\":{\"@id\":\"https:\/\/www.schiesser.com\/unternehmen\/#organization\"},\"potentialAction\":[{\"@type\":\"SearchAction\",\"target\":{\"@type\":\"EntryPoint\",\"urlTemplate\":\"https:\/\/www.schiesser.com\/unternehmen\/?s={search_term_string}\"},\"query-input\":\"required name=search_term_string\"}],\"inLanguage\":\"de-DE\"},{\"@type\":\"Organization\",\"@id\":\"https:\/\/www.schiesser.com\/unternehmen\/#organization\",\"name\":\"Schiesser AG\",\"url\":\"https:\/\/www.schiesser.com\/unternehmen\/\",\"logo\":{\"@type\":\"ImageObject\",\"inLanguage\":\"de-DE\",\"@id\":\"https:\/\/www.schiesser.com\/unternehmen\/#\/schema\/logo\/image\/\",\"url\":\"https:\/\/www.schiesser.com\/unternehmen\/wp-content\/uploads\/schiesser_logo.svg\",\"contentUrl\":\"https:\/\/www.schiesser.com\/unternehmen\/wp-content\/uploads\/schiesser_logo.svg\",\"caption\":\"Schiesser AG\"},\"image\":{\"@id\":\"https:\/\/www.schiesser.com\/unternehmen\/#\/schema\/logo\/image\/\"},\"sameAs\":[\"https:\/\/de-de.facebook.com\/Schiesser.AG\",\"https:\/\/twitter.com\/schiesserag\",\"https:\/\/www.instagram.com\/schiesser\/\",\"https:\/\/de.pinterest.com\/SchiesserAG\/\"]}]}<\/script>\n<!-- \/ Yoast SEO plugin. -->","yoast_head_json":{"title":"Offene Stellen | Schiesser","robots":{"index":"index","follow":"follow","max-snippet":"max-snippet:-1","max-image-preview":"max-image-preview:large","max-video-preview":"max-video-preview:-1"},"canonical":"https:\/\/www.schiesser.com\/unternehmen\/offene-stellen\/","og_locale":"de_DE","og_type":"article","og_title":"Offene Stellen | Schiesser","og_description":"Offene Stellen SCHIESSER steht f\u00fcr Zeitgeist und Qualit\u00e4t, unsere Produkte f\u00fcr absolutes Wohlbefinden. Wir pr\u00e4gen und interpretieren den herrschenden Zeitgeist seit \u00fcber 140 Jahren und \u00fcbersetzen diesen in W\u00e4sche f\u00fcr die ganze Familie. Nat\u00fcrlichkeit, Innovation, Qualit\u00e4t und Tradition sind die Grundpfeiler unserer Philosophie und bilden die Basis unseres t\u00e4glichen Handelns. Wir bieten vielf\u00e4ltige M\u00f6glichkeiten, Deine [&hellip;]","og_url":"https:\/\/www.schiesser.com\/unternehmen\/offene-stellen\/","og_site_name":"Schiesser","article_publisher":"https:\/\/de-de.facebook.com\/Schiesser.AG","article_modified_time":"2026-01-26T07:52:23+00:00","og_image":[{"url":"https:\/\/www.schiesser.com\/unternehmen\/wp-content\/uploads\/SS26_Karriere_Banner_OffeneStellen_1800x800px.jpg"}],"twitter_card":"summary_large_image","twitter_site":"@schiesserag","twitter_misc":{"Gesch\u00e4tzte Lesezeit":"3 Minuten"},"schema":{"@context":"https:\/\/schema.org","@graph":[{"@type":"WebPage","@id":"https:\/\/www.schiesser.com\/unternehmen\/offene-stellen\/","url":"https:\/\/www.schiesser.com\/unternehmen\/offene-stellen\/","name":"Offene Stellen | Schiesser","isPartOf":{"@id":"https:\/\/www.schiesser.com\/unternehmen\/#website"},"datePublished":"2019-06-19T06:39:20+00:00","dateModified":"2026-01-26T07:52:23+00:00","breadcrumb":{"@id":"https:\/\/www.schiesser.com\/unternehmen\/offene-stellen\/#breadcrumb"},"inLanguage":"de-DE","potentialAction":[{"@type":"ReadAction","target":["https:\/\/www.schiesser.com\/unternehmen\/offene-stellen\/"]}]},{"@type":"BreadcrumbList","@id":"https:\/\/www.schiesser.com\/unternehmen\/offene-stellen\/#breadcrumb","itemListElement":[{"@type":"ListItem","position":1,"name":"Home","item":"https:\/\/www.schiesser.com\/unternehmen\/"},{"@type":"ListItem","position":2,"name":"Offene Stellen"}]},{"@type":"WebSite","@id":"https:\/\/www.schiesser.com\/unternehmen\/#website","url":"https:\/\/www.schiesser.com\/unternehmen\/","name":"Schiesser","description":"Nat\u00fcrlich. Zeitgeist. Seit 1875","publisher":{"@id":"https:\/\/www.schiesser.com\/unternehmen\/#organization"},"potentialAction":[{"@type":"SearchAction","target":{"@type":"EntryPoint","urlTemplate":"https:\/\/www.schiesser.com\/unternehmen\/?s={search_term_string}"},"query-input":"required name=search_term_string"}],"inLanguage":"de-DE"},{"@type":"Organization","@id":"https:\/\/www.schiesser.com\/unternehmen\/#organization","name":"Schiesser AG","url":"https:\/\/www.schiesser.com\/unternehmen\/","logo":{"@type":"ImageObject","inLanguage":"de-DE","@id":"https:\/\/www.schiesser.com\/unternehmen\/#\/schema\/logo\/image\/","url":"https:\/\/www.schiesser.com\/unternehmen\/wp-content\/uploads\/schiesser_logo.svg","contentUrl":"https:\/\/www.schiesser.com\/unternehmen\/wp-content\/uploads\/schiesser_logo.svg","caption":"Schiesser AG"},"image":{"@id":"https:\/\/www.schiesser.com\/unternehmen\/#\/schema\/logo\/image\/"},"sameAs":["https:\/\/de-de.facebook.com\/Schiesser.AG","https:\/\/twitter.com\/schiesserag","https:\/\/www.instagram.com\/schiesser\/","https:\/\/de.pinterest.com\/SchiesserAG\/"]}]}},"_links":{"self":[{"href":"https:\/\/www.schiesser.com\/unternehmen\/wp-json\/wp\/v2\/pages\/3140"}],"collection":[{"href":"https:\/\/www.schiesser.com\/unternehmen\/wp-json\/wp\/v2\/pages"}],"about":[{"href":"https:\/\/www.schiesser.com\/unternehmen\/wp-json\/wp\/v2\/types\/page"}],"author":[{"embeddable":true,"href":"https:\/\/www.schiesser.com\/unternehmen\/wp-json\/wp\/v2\/users\/42"}],"replies":[{"embeddable":true,"href":"https:\/\/www.schiesser.com\/unternehmen\/wp-json\/wp\/v2\/comments?post=3140"}],"version-history":[{"count":38,"href":"https:\/\/www.schiesser.com\/unternehmen\/wp-json\/wp\/v2\/pages\/3140\/revisions"}],"predecessor-version":[{"id":12887,"href":"https:\/\/www.schiesser.com\/unternehmen\/wp-json\/wp\/v2\/pages\/3140\/revisions\/12887"}],"wp:attachment":[{"href":"https:\/\/www.schiesser.com\/unternehmen\/wp-json\/wp\/v2\/media?parent=3140"}],"curies":[{"name":"wp","href":"https:\/\/api.w.org\/{rel}","templated":true}]}}