{"id":3474,"date":"2019-06-24T14:11:34","date_gmt":"2019-06-24T12:11:34","guid":{"rendered":"http:\/\/schiessermagazin.test\/?page_id=3474"},"modified":"2026-05-05T13:30:41","modified_gmt":"2026-05-05T11:30:41","slug":"home","status":"publish","type":"page","link":"https:\/\/www.schiesser.com\/unternehmen\/","title":{"rendered":"Home"},"content":{"rendered":"\t\t<div data-elementor-type=\"wp-post\" data-elementor-id=\"3474\" class=\"elementor elementor-3474\" data-elementor-post-type=\"page\">\n\t\t\t\t\t\t<section class=\"elementor-section elementor-top-section elementor-element elementor-element-3f6e3d3 elementor-section-boxed elementor-section-height-default elementor-section-height-default\" data-id=\"3f6e3d3\" data-element_type=\"section\" data-e-type=\"section\">\n\t\t\t\t\t\t<div class=\"elementor-container elementor-column-gap-no\">\n\t\t\t\t\t<div class=\"elementor-column elementor-col-100 elementor-top-column elementor-element elementor-element-d571aa2\" data-id=\"d571aa2\" data-element_type=\"column\" data-e-type=\"column\">\n\t\t\t<div class=\"elementor-widget-wrap elementor-element-populated\">\n\t\t\t\t\t\t<div class=\"elementor-element elementor-element-01936d0 elementor-widget elementor-widget-image\" data-id=\"01936d0\" data-element_type=\"widget\" data-e-type=\"widget\" data-widget_type=\"image.default\">\n\t\t\t\t<div class=\"elementor-widget-container\">\n\t\t\t\t\t\t\t\t\t\t\t\t\t\t\t<img fetchpriority=\"high\" decoding=\"async\" width=\"1440\" height=\"790\" src=\"https:\/\/www.schiesser.com\/unternehmen\/wp-content\/uploads\/Header-Landingpage-Unternehmen_1440x790px.jpg\" class=\"attachment-full size-full wp-image-9335\" alt=\"SCHIESSER Headquarter\" srcset=\"https:\/\/www.schiesser.com\/unternehmen\/wp-content\/uploads\/Header-Landingpage-Unternehmen_1440x790px.jpg 1440w, https:\/\/www.schiesser.com\/unternehmen\/wp-content\/uploads\/Header-Landingpage-Unternehmen_1440x790px-300x165.jpg 300w, https:\/\/www.schiesser.com\/unternehmen\/wp-content\/uploads\/Header-Landingpage-Unternehmen_1440x790px-1024x562.jpg 1024w, https:\/\/www.schiesser.com\/unternehmen\/wp-content\/uploads\/Header-Landingpage-Unternehmen_1440x790px-768x421.jpg 768w\" sizes=\"(max-width: 1440px) 100vw, 1440px\" \/>\t\t\t\t\t\t\t\t\t\t\t\t\t\t\t<\/div>\n\t\t\t\t<\/div>\n\t\t\t\t\t<\/div>\n\t\t<\/div>\n\t\t\t\t\t<\/div>\n\t\t<\/section>\n\t\t\t\t<section class=\"elementor-section elementor-top-section elementor-element elementor-element-49b60c9 elementor-section-boxed elementor-section-height-default elementor-section-height-default\" data-id=\"49b60c9\" data-element_type=\"section\" data-e-type=\"section\">\n\t\t\t\t\t\t<div class=\"elementor-container elementor-column-gap-default\">\n\t\t\t\t\t<div class=\"elementor-column elementor-col-100 elementor-top-column elementor-element elementor-element-16fba30\" data-id=\"16fba30\" data-element_type=\"column\" data-e-type=\"column\">\n\t\t\t<div class=\"elementor-widget-wrap elementor-element-populated\">\n\t\t\t\t\t\t<div class=\"elementor-element elementor-element-359199f elementor-widget elementor-widget-spacer\" data-id=\"359199f\" data-element_type=\"widget\" data-e-type=\"widget\" data-widget_type=\"spacer.default\">\n\t\t\t\t<div class=\"elementor-widget-container\">\n\t\t\t\t\t\t\t<div class=\"elementor-spacer\">\n\t\t\t<div class=\"elementor-spacer-inner\"><\/div>\n\t\t<\/div>\n\t\t\t\t\t\t<\/div>\n\t\t\t\t<\/div>\n\t\t\t\t<div class=\"elementor-element elementor-element-b85a31c elementor-widget elementor-widget-heading\" data-id=\"b85a31c\" data-element_type=\"widget\" data-e-type=\"widget\" data-widget_type=\"heading.default\">\n\t\t\t\t<div class=\"elementor-widget-container\">\n\t\t\t\t\t<h1 class=\"elementor-heading-title elementor-size-default\">ORIGINALS FOR ORIGINALS.<\/h1>\t\t\t\t<\/div>\n\t\t\t\t<\/div>\n\t\t\t\t<div class=\"elementor-element elementor-element-9652f65 elementor-widget elementor-widget-spacer\" data-id=\"9652f65\" data-element_type=\"widget\" data-e-type=\"widget\" data-widget_type=\"spacer.default\">\n\t\t\t\t<div class=\"elementor-widget-container\">\n\t\t\t\t\t\t\t<div class=\"elementor-spacer\">\n\t\t\t<div class=\"elementor-spacer-inner\"><\/div>\n\t\t<\/div>\n\t\t\t\t\t\t<\/div>\n\t\t\t\t<\/div>\n\t\t\t\t<div class=\"elementor-element elementor-element-091be77 elementor-widget elementor-widget-spacer\" data-id=\"091be77\" data-element_type=\"widget\" data-e-type=\"widget\" data-widget_type=\"spacer.default\">\n\t\t\t\t<div class=\"elementor-widget-container\">\n\t\t\t\t\t\t\t<div class=\"elementor-spacer\">\n\t\t\t<div class=\"elementor-spacer-inner\"><\/div>\n\t\t<\/div>\n\t\t\t\t\t\t<\/div>\n\t\t\t\t<\/div>\n\t\t\t\t<div class=\"elementor-element elementor-element-1bcf594 elementor-widget elementor-widget-text-editor\" data-id=\"1bcf594\" data-element_type=\"widget\" data-e-type=\"widget\" data-widget_type=\"text-editor.default\">\n\t\t\t\t<div class=\"elementor-widget-container\">\n\t\t\t\t\t\t\t\t\t<p><span data-contrast=\"none\">SCHIESSER ist ein Original, das als deutsche Marke\u00a0seit 1875 W\u00e4schekultur pr\u00e4gt\u00a0und in der Welt zuhause ist.\u00a0<\/span><span data-contrast=\"auto\">Seit \u00fcber 150 Jahren\u00a0stehen wir\u00a0f\u00fcr W\u00e4schekompetenz, Qualit\u00e4t und Pioniergeist.\u00a0Diese\u00a0Werte\u00a0bringen wir mit unserem Unternehmensclaim\u00a0<\/span><b><span data-contrast=\"auto\">ORIGINALS FOR ORIGINALS\u00a0<\/span><\/b><span data-contrast=\"auto\">zum Ausdruck.\u00a0Unser Claim ist unser Bekenntnis:\u00a0Wir fertigen authentische Produkte \u2013 Unterw\u00e4sche, Fein- und Doppelripp-Kultklassiker, Tag- und Nachtw\u00e4sche sowie\u00a0ganztags tragbare Hybrid-Styles.\u00a0F\u00fcr Menschen, die selbst Originale sind: eigenst\u00e4ndig, charaktervoll, authentisch.\u00a0<\/span><span data-ccp-props=\"{&quot;201341983&quot;:0,&quot;335557856&quot;:16777215,&quot;335559740&quot;:240}\">\u00a0<\/span><\/p><p><span data-contrast=\"auto\">Wir sind stolz auf unsere Wurzeln in Radolfzell\u00a0am Bodensee\u00a0und blicken voller Innovationskraft in die Zukunft,\u00a0um Menschen auf der ganzen Welt\u00a0mit modernen\u00a0W\u00e4scheprodukten im Alltag zu begleiten.<\/span><span data-ccp-props=\"{&quot;134233117&quot;:true,&quot;134233118&quot;:true,&quot;201341983&quot;:0,&quot;335559740&quot;:240}\">\u00a0<\/span><\/p>\t\t\t\t\t\t\t\t<\/div>\n\t\t\t\t<\/div>\n\t\t\t\t<div class=\"elementor-element elementor-element-c711bbd elementor-widget elementor-widget-spacer\" data-id=\"c711bbd\" data-element_type=\"widget\" data-e-type=\"widget\" data-widget_type=\"spacer.default\">\n\t\t\t\t<div class=\"elementor-widget-container\">\n\t\t\t\t\t\t\t<div class=\"elementor-spacer\">\n\t\t\t<div class=\"elementor-spacer-inner\"><\/div>\n\t\t<\/div>\n\t\t\t\t\t\t<\/div>\n\t\t\t\t<\/div>\n\t\t\t\t\t<\/div>\n\t\t<\/div>\n\t\t\t\t\t<\/div>\n\t\t<\/section>\n\t\t\t\t<section class=\"elementor-section elementor-top-section elementor-element elementor-element-8dff663 elementor-section-boxed elementor-section-height-default elementor-section-height-default\" data-id=\"8dff663\" data-element_type=\"section\" data-e-type=\"section\">\n\t\t\t\t\t\t<div class=\"elementor-container elementor-column-gap-default\">\n\t\t\t\t\t<div class=\"elementor-column elementor-col-50 elementor-top-column elementor-element elementor-element-d5d043a\" data-id=\"d5d043a\" data-element_type=\"column\" data-e-type=\"column\">\n\t\t\t<div class=\"elementor-widget-wrap elementor-element-populated\">\n\t\t\t\t\t\t<div class=\"elementor-element elementor-element-f137a74 elementor-cta--skin-cover elementor-cta--valign-middle elementor-bg-transform elementor-bg-transform-zoom-in elementor-widget elementor-widget-call-to-action\" data-id=\"f137a74\" data-element_type=\"widget\" data-e-type=\"widget\" data-widget_type=\"call-to-action.default\">\n\t\t\t\t<div class=\"elementor-widget-container\">\n\t\t\t\t\t\t\t<a class=\"elementor-cta\" href=\"\/unternehmen\/unternehmensgeschichte\/\">\n\t\t\t\t\t<div class=\"elementor-cta__bg-wrapper\">\n\t\t\t\t<div class=\"elementor-cta__bg elementor-bg\" style=\"background-image: url(https:\/\/www.schiesser.com\/unternehmen\/wp-content\/uploads\/SS26_Kachel_Unternehmen_Seit-1875_566x566px.jpg);\" role=\"img\" aria-label=\"historische Aufnahme von Schiesser Fabriksgel\u00e4nde mit Bodenseepanorama\"><\/div>\n\t\t\t\t<div class=\"elementor-cta__bg-overlay\"><\/div>\n\t\t\t<\/div>\n\t\t\t\t\t\t\t<div class=\"elementor-cta__content\">\n\t\t\t\t\n\t\t\t\t\t\t\t\t\t<h2 class=\"elementor-cta__title elementor-cta__content-item elementor-content-item\">\n\t\t\t\t\t\tSeit 1875\t\t\t\t\t<\/h2>\n\t\t\t\t\n\t\t\t\t\n\t\t\t\t\t\t\t<\/div>\n\t\t\t\t\t\t<\/a>\n\t\t\t\t\t\t<\/div>\n\t\t\t\t<\/div>\n\t\t\t\t<div class=\"elementor-element elementor-element-d124595 elementor-cta--skin-cover elementor-cta--valign-middle elementor-bg-transform elementor-bg-transform-zoom-in elementor-widget elementor-widget-call-to-action\" data-id=\"d124595\" data-element_type=\"widget\" data-e-type=\"widget\" data-widget_type=\"call-to-action.default\">\n\t\t\t\t<div class=\"elementor-widget-container\">\n\t\t\t\t\t\t\t<a class=\"elementor-cta\" href=\"\/unternehmen\/presse\/\">\n\t\t\t\t\t<div class=\"elementor-cta__bg-wrapper\">\n\t\t\t\t<div class=\"elementor-cta__bg elementor-bg\" style=\"background-image: url(https:\/\/www.schiesser.com\/unternehmen\/wp-content\/uploads\/SS26_Kachel_Unternehmen_Presse_566x566px.jpg);\" role=\"img\" aria-label=\"Frau vor blauem Himmel und Schiesser Unterw\u00e4sche.\"><\/div>\n\t\t\t\t<div class=\"elementor-cta__bg-overlay\"><\/div>\n\t\t\t<\/div>\n\t\t\t\t\t\t\t<div class=\"elementor-cta__content\">\n\t\t\t\t\n\t\t\t\t\t\t\t\t\t<h2 class=\"elementor-cta__title elementor-cta__content-item elementor-content-item\">\n\t\t\t\t\t\tPresse\t\t\t\t\t<\/h2>\n\t\t\t\t\n\t\t\t\t\n\t\t\t\t\t\t\t<\/div>\n\t\t\t\t\t\t<\/a>\n\t\t\t\t\t\t<\/div>\n\t\t\t\t<\/div>\n\t\t\t\t<div class=\"elementor-element elementor-element-e3e4885 elementor-cta--skin-cover elementor-cta--valign-middle elementor-bg-transform elementor-bg-transform-zoom-in elementor-widget elementor-widget-call-to-action\" data-id=\"e3e4885\" data-element_type=\"widget\" data-e-type=\"widget\" data-widget_type=\"call-to-action.default\">\n\t\t\t\t<div class=\"elementor-widget-container\">\n\t\t\t\t\t\t\t<a class=\"elementor-cta\" href=\"\/unternehmen\/karriere\/\">\n\t\t\t\t\t<div class=\"elementor-cta__bg-wrapper\">\n\t\t\t\t<div class=\"elementor-cta__bg elementor-bg\" style=\"background-image: url(https:\/\/www.schiesser.com\/unternehmen\/wp-content\/uploads\/SS26_Kachel_Unternehmen_Karriere_566x566px5.jpg);\" role=\"img\" aria-label=\"Zwei Personen mit Zeitschriften.\"><\/div>\n\t\t\t\t<div class=\"elementor-cta__bg-overlay\"><\/div>\n\t\t\t<\/div>\n\t\t\t\t\t\t\t<div class=\"elementor-cta__content\">\n\t\t\t\t\n\t\t\t\t\t\t\t\t\t<h2 class=\"elementor-cta__title elementor-cta__content-item elementor-content-item\">\n\t\t\t\t\t\tKarriere\t\t\t\t\t<\/h2>\n\t\t\t\t\n\t\t\t\t\n\t\t\t\t\t\t\t<\/div>\n\t\t\t\t\t\t<\/a>\n\t\t\t\t\t\t<\/div>\n\t\t\t\t<\/div>\n\t\t\t\t\t<\/div>\n\t\t<\/div>\n\t\t\t\t<div class=\"elementor-column elementor-col-50 elementor-top-column elementor-element elementor-element-01764a7\" data-id=\"01764a7\" data-element_type=\"column\" data-e-type=\"column\">\n\t\t\t<div class=\"elementor-widget-wrap elementor-element-populated\">\n\t\t\t\t\t\t<div class=\"elementor-element elementor-element-dbdb870 elementor-cta--skin-cover elementor-cta--valign-middle elementor-bg-transform elementor-bg-transform-zoom-in elementor-widget elementor-widget-call-to-action\" data-id=\"dbdb870\" data-element_type=\"widget\" data-e-type=\"widget\" data-widget_type=\"call-to-action.default\">\n\t\t\t\t<div class=\"elementor-widget-container\">\n\t\t\t\t\t\t\t<a class=\"elementor-cta\" href=\"\/unternehmen\/produktwelt\/\">\n\t\t\t\t\t<div class=\"elementor-cta__bg-wrapper\">\n\t\t\t\t<div class=\"elementor-cta__bg elementor-bg\" style=\"background-image: url(https:\/\/www.schiesser.com\/unternehmen\/wp-content\/uploads\/SS26_Kachel_Unternehmen_Unsere-Produktwelt_566x566px.jpg);\" role=\"img\" aria-label=\"Frau vor blauem Himmel und Schiesser Unterw\u00e4sche.\"><\/div>\n\t\t\t\t<div class=\"elementor-cta__bg-overlay\"><\/div>\n\t\t\t<\/div>\n\t\t\t\t\t\t\t<div class=\"elementor-cta__content\">\n\t\t\t\t\n\t\t\t\t\t\t\t\t\t<h2 class=\"elementor-cta__title elementor-cta__content-item elementor-content-item\">\n\t\t\t\t\t\tUnsere Produktwelt\t\t\t\t\t<\/h2>\n\t\t\t\t\n\t\t\t\t\n\t\t\t\t\t\t\t<\/div>\n\t\t\t\t\t\t<\/a>\n\t\t\t\t\t\t<\/div>\n\t\t\t\t<\/div>\n\t\t\t\t<div class=\"elementor-element elementor-element-6fed01d elementor-cta--skin-cover elementor-cta--valign-middle elementor-bg-transform elementor-bg-transform-zoom-in elementor-widget elementor-widget-call-to-action\" data-id=\"6fed01d\" data-element_type=\"widget\" data-e-type=\"widget\" data-widget_type=\"call-to-action.default\">\n\t\t\t\t<div class=\"elementor-widget-container\">\n\t\t\t\t\t\t\t<a class=\"elementor-cta\" href=\"https:\/\/www.schiesser.com\/magazin\/\" target=\"_blank\">\n\t\t\t\t\t<div class=\"elementor-cta__bg-wrapper\">\n\t\t\t\t<div class=\"elementor-cta__bg elementor-bg\" style=\"background-image: url(https:\/\/www.schiesser.com\/unternehmen\/wp-content\/uploads\/SS26_Kachel_Unternehmen_Magazin_566x566px.jpg);\" role=\"img\" aria-label=\"Magazin Schiesser\"><\/div>\n\t\t\t\t<div class=\"elementor-cta__bg-overlay\"><\/div>\n\t\t\t<\/div>\n\t\t\t\t\t\t\t<div class=\"elementor-cta__content\">\n\t\t\t\t\n\t\t\t\t\t\t\t\t\t<h2 class=\"elementor-cta__title elementor-cta__content-item elementor-content-item\">\n\t\t\t\t\t\tMagazin\t\t\t\t\t<\/h2>\n\t\t\t\t\n\t\t\t\t\n\t\t\t\t\t\t\t<\/div>\n\t\t\t\t\t\t<\/a>\n\t\t\t\t\t\t<\/div>\n\t\t\t\t<\/div>\n\t\t\t\t<div class=\"elementor-element elementor-element-e4cb05e elementor-cta--skin-cover elementor-cta--valign-middle elementor-bg-transform elementor-bg-transform-zoom-in elementor-widget elementor-widget-call-to-action\" data-id=\"e4cb05e\" data-element_type=\"widget\" data-e-type=\"widget\" data-widget_type=\"call-to-action.default\">\n\t\t\t\t<div class=\"elementor-widget-container\">\n\t\t\t\t\t\t\t<a class=\"elementor-cta\" href=\"\/unternehmen\/weltweit\/\">\n\t\t\t\t\t<div class=\"elementor-cta__bg-wrapper\">\n\t\t\t\t<div class=\"elementor-cta__bg elementor-bg\" style=\"background-image: url(https:\/\/www.schiesser.com\/unternehmen\/wp-content\/uploads\/SS26_Kachel_Unternehmen_Weltweit_566x566px6.jpg);\" role=\"img\" aria-label=\"Zwei Personen in Schiesser Kleidung\"><\/div>\n\t\t\t\t<div class=\"elementor-cta__bg-overlay\"><\/div>\n\t\t\t<\/div>\n\t\t\t\t\t\t\t<div class=\"elementor-cta__content\">\n\t\t\t\t\n\t\t\t\t\t\t\t\t\t<h2 class=\"elementor-cta__title elementor-cta__content-item elementor-content-item\">\n\t\t\t\t\t\tWeltweit\t\t\t\t\t<\/h2>\n\t\t\t\t\n\t\t\t\t\n\t\t\t\t\t\t\t<\/div>\n\t\t\t\t\t\t<\/a>\n\t\t\t\t\t\t<\/div>\n\t\t\t\t<\/div>\n\t\t\t\t\t<\/div>\n\t\t<\/div>\n\t\t\t\t\t<\/div>\n\t\t<\/section>\n\t\t\t\t<section class=\"elementor-section elementor-top-section elementor-element elementor-element-75c8ca8 elementor-section-boxed elementor-section-height-default elementor-section-height-default\" data-id=\"75c8ca8\" data-element_type=\"section\" data-e-type=\"section\">\n\t\t\t\t\t\t<div class=\"elementor-container elementor-column-gap-default\">\n\t\t\t\t\t<div class=\"elementor-column elementor-col-100 elementor-top-column elementor-element elementor-element-326e249\" data-id=\"326e249\" data-element_type=\"column\" data-e-type=\"column\">\n\t\t\t<div class=\"elementor-widget-wrap elementor-element-populated\">\n\t\t\t\t\t\t<div class=\"elementor-element elementor-element-e7bf6a5 elementor-widget elementor-widget-spacer\" data-id=\"e7bf6a5\" data-element_type=\"widget\" data-e-type=\"widget\" data-widget_type=\"spacer.default\">\n\t\t\t\t<div class=\"elementor-widget-container\">\n\t\t\t\t\t\t\t<div class=\"elementor-spacer\">\n\t\t\t<div class=\"elementor-spacer-inner\"><\/div>\n\t\t<\/div>\n\t\t\t\t\t\t<\/div>\n\t\t\t\t<\/div>\n\t\t\t\t\t<\/div>\n\t\t<\/div>\n\t\t\t\t\t<\/div>\n\t\t<\/section>\n\t\t\t\t<\/div>\n\t\t","protected":false},"excerpt":{"rendered":"<p>ORIGINALS FOR ORIGINALS. SCHIESSER ist ein Original, das als deutsche Marke\u00a0seit 1875 W\u00e4schekultur pr\u00e4gt\u00a0und in der Welt zuhause ist.\u00a0Seit \u00fcber 150 Jahren\u00a0stehen wir\u00a0f\u00fcr W\u00e4schekompetenz, Qualit\u00e4t und Pioniergeist.\u00a0Diese\u00a0Werte\u00a0bringen wir mit unserem Unternehmensclaim\u00a0ORIGINALS FOR ORIGINALS\u00a0zum Ausdruck.\u00a0Unser Claim ist unser Bekenntnis:\u00a0Wir fertigen authentische Produkte \u2013 Unterw\u00e4sche, Fein- und Doppelripp-Kultklassiker, Tag- und Nachtw\u00e4sche sowie\u00a0ganztags tragbare Hybrid-Styles.\u00a0F\u00fcr Menschen, die selbst [&hellip;]<\/p>\n","protected":false},"author":42,"featured_media":0,"parent":0,"menu_order":0,"comment_status":"closed","ping_status":"closed","template":"elementor_header_footer","meta":{"_acf_changed":false,"footnotes":""},"class_list":["post-3474","page","type-page","status-publish","hentry"],"acf":[],"yoast_head":"<!-- This site is optimized with the Yoast SEO plugin v27.5 - https:\/\/yoast.com\/product\/yoast-seo-wordpress\/ -->\n<title>Home | Schiesser<\/title>\n<meta name=\"robots\" content=\"index, follow, max-snippet:-1, max-image-preview:large, max-video-preview:-1\" \/>\n<link rel=\"canonical\" href=\"https:\/\/www.schiesser.com\/unternehmen\/\" \/>\n<meta property=\"og:locale\" content=\"de_DE\" \/>\n<meta property=\"og:type\" content=\"article\" \/>\n<meta property=\"og:title\" content=\"Home | Schiesser\" \/>\n<meta property=\"og:description\" content=\"ORIGINALS FOR ORIGINALS. SCHIESSER ist ein Original, das als deutsche Marke\u00a0seit 1875 W\u00e4schekultur pr\u00e4gt\u00a0und in der Welt zuhause ist.\u00a0Seit \u00fcber 150 Jahren\u00a0stehen wir\u00a0f\u00fcr W\u00e4schekompetenz, Qualit\u00e4t und Pioniergeist.\u00a0Diese\u00a0Werte\u00a0bringen wir mit unserem Unternehmensclaim\u00a0ORIGINALS FOR ORIGINALS\u00a0zum Ausdruck.\u00a0Unser Claim ist unser Bekenntnis:\u00a0Wir fertigen authentische Produkte \u2013 Unterw\u00e4sche, Fein- und Doppelripp-Kultklassiker, Tag- und Nachtw\u00e4sche sowie\u00a0ganztags tragbare Hybrid-Styles.\u00a0F\u00fcr Menschen, die selbst [&hellip;]\" \/>\n<meta property=\"og:url\" content=\"https:\/\/www.schiesser.com\/unternehmen\/\" \/>\n<meta property=\"og:site_name\" content=\"Schiesser\" \/>\n<meta property=\"article:publisher\" content=\"https:\/\/de-de.facebook.com\/Schiesser.AG\" \/>\n<meta property=\"article:modified_time\" content=\"2026-05-05T11:30:41+00:00\" \/>\n<meta property=\"og:image\" content=\"https:\/\/www.schiesser.com\/unternehmen\/wp-content\/uploads\/Header-Landingpage-Unternehmen_1440x790px.jpg\" \/>\n<meta name=\"twitter:card\" content=\"summary_large_image\" \/>\n<meta name=\"twitter:site\" content=\"@schiesserag\" \/>\n<meta name=\"twitter:label1\" content=\"Gesch\u00e4tzte Lesezeit\" \/>\n\t<meta name=\"twitter:data1\" content=\"1\u00a0Minute\" \/>\n<script type=\"application\/ld+json\" class=\"yoast-schema-graph\">{\"@context\":\"https:\\\/\\\/schema.org\",\"@graph\":[{\"@type\":\"WebPage\",\"@id\":\"https:\\\/\\\/www.schiesser.com\\\/unternehmen\\\/\",\"url\":\"https:\\\/\\\/www.schiesser.com\\\/unternehmen\\\/\",\"name\":\"Home | Schiesser\",\"isPartOf\":{\"@id\":\"https:\\\/\\\/www.schiesser.com\\\/unternehmen\\\/#website\"},\"primaryImageOfPage\":{\"@id\":\"https:\\\/\\\/www.schiesser.com\\\/unternehmen\\\/#primaryimage\"},\"image\":{\"@id\":\"https:\\\/\\\/www.schiesser.com\\\/unternehmen\\\/#primaryimage\"},\"thumbnailUrl\":\"https:\\\/\\\/www.schiesser.com\\\/unternehmen\\\/wp-content\\\/uploads\\\/Header-Landingpage-Unternehmen_1440x790px.jpg\",\"datePublished\":\"2019-06-24T12:11:34+00:00\",\"dateModified\":\"2026-05-05T11:30:41+00:00\",\"breadcrumb\":{\"@id\":\"https:\\\/\\\/www.schiesser.com\\\/unternehmen\\\/#breadcrumb\"},\"inLanguage\":\"de\",\"potentialAction\":[{\"@type\":\"ReadAction\",\"target\":[\"https:\\\/\\\/www.schiesser.com\\\/unternehmen\\\/\"]}]},{\"@type\":\"ImageObject\",\"inLanguage\":\"de\",\"@id\":\"https:\\\/\\\/www.schiesser.com\\\/unternehmen\\\/#primaryimage\",\"url\":\"https:\\\/\\\/www.schiesser.com\\\/unternehmen\\\/wp-content\\\/uploads\\\/Header-Landingpage-Unternehmen_1440x790px.jpg\",\"contentUrl\":\"https:\\\/\\\/www.schiesser.com\\\/unternehmen\\\/wp-content\\\/uploads\\\/Header-Landingpage-Unternehmen_1440x790px.jpg\",\"width\":1440,\"height\":790,\"caption\":\"SCHIESSER Headquarter\"},{\"@type\":\"BreadcrumbList\",\"@id\":\"https:\\\/\\\/www.schiesser.com\\\/unternehmen\\\/#breadcrumb\",\"itemListElement\":[{\"@type\":\"ListItem\",\"position\":1,\"name\":\"Home\",\"item\":\"https:\\\/\\\/www.schiesser.com\\\/unternehmen\\\/\"},{\"@type\":\"ListItem\",\"position\":2,\"name\":\"Home\"}]},{\"@type\":\"WebSite\",\"@id\":\"https:\\\/\\\/www.schiesser.com\\\/unternehmen\\\/#website\",\"url\":\"https:\\\/\\\/www.schiesser.com\\\/unternehmen\\\/\",\"name\":\"Schiesser\",\"description\":\"Nat\u00fcrlich. Zeitgeist. Seit 1875\",\"publisher\":{\"@id\":\"https:\\\/\\\/www.schiesser.com\\\/unternehmen\\\/#organization\"},\"potentialAction\":[{\"@type\":\"SearchAction\",\"target\":{\"@type\":\"EntryPoint\",\"urlTemplate\":\"https:\\\/\\\/www.schiesser.com\\\/unternehmen\\\/?s={search_term_string}\"},\"query-input\":{\"@type\":\"PropertyValueSpecification\",\"valueRequired\":true,\"valueName\":\"search_term_string\"}}],\"inLanguage\":\"de\"},{\"@type\":\"Organization\",\"@id\":\"https:\\\/\\\/www.schiesser.com\\\/unternehmen\\\/#organization\",\"name\":\"Schiesser AG\",\"url\":\"https:\\\/\\\/www.schiesser.com\\\/unternehmen\\\/\",\"logo\":{\"@type\":\"ImageObject\",\"inLanguage\":\"de\",\"@id\":\"https:\\\/\\\/www.schiesser.com\\\/unternehmen\\\/#\\\/schema\\\/logo\\\/image\\\/\",\"url\":\"https:\\\/\\\/www.schiesser.com\\\/unternehmen\\\/wp-content\\\/uploads\\\/schiesser_logo.svg\",\"contentUrl\":\"https:\\\/\\\/www.schiesser.com\\\/unternehmen\\\/wp-content\\\/uploads\\\/schiesser_logo.svg\",\"caption\":\"Schiesser AG\"},\"image\":{\"@id\":\"https:\\\/\\\/www.schiesser.com\\\/unternehmen\\\/#\\\/schema\\\/logo\\\/image\\\/\"},\"sameAs\":[\"https:\\\/\\\/de-de.facebook.com\\\/Schiesser.AG\",\"https:\\\/\\\/x.com\\\/schiesserag\",\"https:\\\/\\\/www.instagram.com\\\/schiesser\\\/\",\"https:\\\/\\\/de.pinterest.com\\\/SchiesserAG\\\/\"]}]}<\/script>\n<!-- \/ Yoast SEO plugin. -->","yoast_head_json":{"title":"Home | Schiesser","robots":{"index":"index","follow":"follow","max-snippet":"max-snippet:-1","max-image-preview":"max-image-preview:large","max-video-preview":"max-video-preview:-1"},"canonical":"https:\/\/www.schiesser.com\/unternehmen\/","og_locale":"de_DE","og_type":"article","og_title":"Home | Schiesser","og_description":"ORIGINALS FOR ORIGINALS. SCHIESSER ist ein Original, das als deutsche Marke\u00a0seit 1875 W\u00e4schekultur pr\u00e4gt\u00a0und in der Welt zuhause ist.\u00a0Seit \u00fcber 150 Jahren\u00a0stehen wir\u00a0f\u00fcr W\u00e4schekompetenz, Qualit\u00e4t und Pioniergeist.\u00a0Diese\u00a0Werte\u00a0bringen wir mit unserem Unternehmensclaim\u00a0ORIGINALS FOR ORIGINALS\u00a0zum Ausdruck.\u00a0Unser Claim ist unser Bekenntnis:\u00a0Wir fertigen authentische Produkte \u2013 Unterw\u00e4sche, Fein- und Doppelripp-Kultklassiker, Tag- und Nachtw\u00e4sche sowie\u00a0ganztags tragbare Hybrid-Styles.\u00a0F\u00fcr Menschen, die selbst [&hellip;]","og_url":"https:\/\/www.schiesser.com\/unternehmen\/","og_site_name":"Schiesser","article_publisher":"https:\/\/de-de.facebook.com\/Schiesser.AG","article_modified_time":"2026-05-05T11:30:41+00:00","og_image":[{"url":"https:\/\/www.schiesser.com\/unternehmen\/wp-content\/uploads\/Header-Landingpage-Unternehmen_1440x790px.jpg","type":"","width":"","height":""}],"twitter_card":"summary_large_image","twitter_site":"@schiesserag","twitter_misc":{"Gesch\u00e4tzte Lesezeit":"1\u00a0Minute"},"schema":{"@context":"https:\/\/schema.org","@graph":[{"@type":"WebPage","@id":"https:\/\/www.schiesser.com\/unternehmen\/","url":"https:\/\/www.schiesser.com\/unternehmen\/","name":"Home | Schiesser","isPartOf":{"@id":"https:\/\/www.schiesser.com\/unternehmen\/#website"},"primaryImageOfPage":{"@id":"https:\/\/www.schiesser.com\/unternehmen\/#primaryimage"},"image":{"@id":"https:\/\/www.schiesser.com\/unternehmen\/#primaryimage"},"thumbnailUrl":"https:\/\/www.schiesser.com\/unternehmen\/wp-content\/uploads\/Header-Landingpage-Unternehmen_1440x790px.jpg","datePublished":"2019-06-24T12:11:34+00:00","dateModified":"2026-05-05T11:30:41+00:00","breadcrumb":{"@id":"https:\/\/www.schiesser.com\/unternehmen\/#breadcrumb"},"inLanguage":"de","potentialAction":[{"@type":"ReadAction","target":["https:\/\/www.schiesser.com\/unternehmen\/"]}]},{"@type":"ImageObject","inLanguage":"de","@id":"https:\/\/www.schiesser.com\/unternehmen\/#primaryimage","url":"https:\/\/www.schiesser.com\/unternehmen\/wp-content\/uploads\/Header-Landingpage-Unternehmen_1440x790px.jpg","contentUrl":"https:\/\/www.schiesser.com\/unternehmen\/wp-content\/uploads\/Header-Landingpage-Unternehmen_1440x790px.jpg","width":1440,"height":790,"caption":"SCHIESSER Headquarter"},{"@type":"BreadcrumbList","@id":"https:\/\/www.schiesser.com\/unternehmen\/#breadcrumb","itemListElement":[{"@type":"ListItem","position":1,"name":"Home","item":"https:\/\/www.schiesser.com\/unternehmen\/"},{"@type":"ListItem","position":2,"name":"Home"}]},{"@type":"WebSite","@id":"https:\/\/www.schiesser.com\/unternehmen\/#website","url":"https:\/\/www.schiesser.com\/unternehmen\/","name":"Schiesser","description":"Nat\u00fcrlich. Zeitgeist. Seit 1875","publisher":{"@id":"https:\/\/www.schiesser.com\/unternehmen\/#organization"},"potentialAction":[{"@type":"SearchAction","target":{"@type":"EntryPoint","urlTemplate":"https:\/\/www.schiesser.com\/unternehmen\/?s={search_term_string}"},"query-input":{"@type":"PropertyValueSpecification","valueRequired":true,"valueName":"search_term_string"}}],"inLanguage":"de"},{"@type":"Organization","@id":"https:\/\/www.schiesser.com\/unternehmen\/#organization","name":"Schiesser AG","url":"https:\/\/www.schiesser.com\/unternehmen\/","logo":{"@type":"ImageObject","inLanguage":"de","@id":"https:\/\/www.schiesser.com\/unternehmen\/#\/schema\/logo\/image\/","url":"https:\/\/www.schiesser.com\/unternehmen\/wp-content\/uploads\/schiesser_logo.svg","contentUrl":"https:\/\/www.schiesser.com\/unternehmen\/wp-content\/uploads\/schiesser_logo.svg","caption":"Schiesser AG"},"image":{"@id":"https:\/\/www.schiesser.com\/unternehmen\/#\/schema\/logo\/image\/"},"sameAs":["https:\/\/de-de.facebook.com\/Schiesser.AG","https:\/\/x.com\/schiesserag","https:\/\/www.instagram.com\/schiesser\/","https:\/\/de.pinterest.com\/SchiesserAG\/"]}]}},"_links":{"self":[{"href":"https:\/\/www.schiesser.com\/unternehmen\/wp-json\/wp\/v2\/pages\/3474","targetHints":{"allow":["GET"]}}],"collection":[{"href":"https:\/\/www.schiesser.com\/unternehmen\/wp-json\/wp\/v2\/pages"}],"about":[{"href":"https:\/\/www.schiesser.com\/unternehmen\/wp-json\/wp\/v2\/types\/page"}],"author":[{"embeddable":true,"href":"https:\/\/www.schiesser.com\/unternehmen\/wp-json\/wp\/v2\/users\/42"}],"replies":[{"embeddable":true,"href":"https:\/\/www.schiesser.com\/unternehmen\/wp-json\/wp\/v2\/comments?post=3474"}],"version-history":[{"count":40,"href":"https:\/\/www.schiesser.com\/unternehmen\/wp-json\/wp\/v2\/pages\/3474\/revisions"}],"predecessor-version":[{"id":13115,"href":"https:\/\/www.schiesser.com\/unternehmen\/wp-json\/wp\/v2\/pages\/3474\/revisions\/13115"}],"wp:attachment":[{"href":"https:\/\/www.schiesser.com\/unternehmen\/wp-json\/wp\/v2\/media?parent=3474"}],"curies":[{"name":"wp","href":"https:\/\/api.w.org\/{rel}","templated":true}]}}